{"id":1313,"date":"2019-11-08T12:54:13","date_gmt":"2019-11-08T11:54:13","guid":{"rendered":"http:\/\/www.qnstort.at\/de\/?page_id=1313"},"modified":"2020-04-16T15:22:07","modified_gmt":"2020-04-16T13:22:07","slug":"qnstfassaden","status":"publish","type":"page","link":"https:\/\/www.qnstort.at\/de\/qnstfassaden\/","title":{"rendered":"Qnst-Fassaden"},"content":{"rendered":"\n<style type=\"text\/css\" data-created_by=\"avia_inline_auto\" id=\"style-css-av-6g0fqp-eb7a6a30e4016a90da467b340809f63a\">\n.flex_column.av-6g0fqp-eb7a6a30e4016a90da467b340809f63a{\nborder-radius:0px 0px 0px 0px;\npadding:0px 0px 0px 0px;\n}\n<\/style>\n<div  class='flex_column av-6g0fqp-eb7a6a30e4016a90da467b340809f63a av_one_full  avia-builder-el-0  el_before_av_one_full  avia-builder-el-first  first flex_column_div av-zero-column-padding  '     ><section  class='av_textblock_section av-k2rojrhw-49c4be50dd05d63d16e7897ec6ea7274 '   itemscope=\"itemscope\" itemtype=\"https:\/\/schema.org\/CreativeWork\" ><div class='avia_textblock'  itemprop=\"text\" ><h1>Qnst-Fassaden Klein St. Paul<\/h1>\n<\/div><\/section><\/div>\n\n<style type=\"text\/css\" data-created_by=\"avia_inline_auto\" id=\"style-css-av-3u0b1d-140ed1a7d3767f585f31d14c03417feb\">\n.flex_column.av-3u0b1d-140ed1a7d3767f585f31d14c03417feb{\nborder-radius:0px 0px 0px 0px;\npadding:0px 0px 0px 0px;\n}\n<\/style>\n<div  class='flex_column av-3u0b1d-140ed1a7d3767f585f31d14c03417feb av_one_full  avia-builder-el-2  el_after_av_one_full  el_before_av_one_third  first flex_column_div av-zero-column-padding  column-top-margin'     ><style type=\"text\/css\" data-created_by=\"avia_inline_auto\" id=\"style-css-av-k2roob2p-96206b801fb7620431ae4a8a074ea33c\">\n.avia-image-container.av-k2roob2p-96206b801fb7620431ae4a8a074ea33c img.avia_image{\nbox-shadow:none;\n}\n.avia-image-container.av-k2roob2p-96206b801fb7620431ae4a8a074ea33c .av-image-caption-overlay-center{\ncolor:#ffffff;\n}\n<\/style>\n<div  class='avia-image-container av-k2roob2p-96206b801fb7620431ae4a8a074ea33c av-styling- avia-align-center  avia-builder-el-3  avia-builder-el-no-sibling '   itemprop=\"image\" itemscope=\"itemscope\" itemtype=\"https:\/\/schema.org\/ImageObject\" ><div class=\"avia-image-container-inner\"><div class=\"avia-image-overlay-wrap\"><img decoding=\"async\" fetchpriority=\"high\" class='wp-image-1683 avia-img-lazy-loading-not-1683 avia_image ' src=\"https:\/\/www.qnstort.at\/de\/wp-content\/uploads\/2019\/11\/qnst_garage_fassade_1-e1583696456187.jpg\" alt='' title='qnst_garage_fassade_1'  height=\"586\" width=\"2821\"  itemprop=\"thumbnailUrl\" srcset=\"https:\/\/www.qnstort.at\/de\/wp-content\/uploads\/2019\/11\/qnst_garage_fassade_1-e1583696456187.jpg 2821w, https:\/\/www.qnstort.at\/de\/wp-content\/uploads\/2019\/11\/qnst_garage_fassade_1-e1583696456187-300x62.jpg 300w, https:\/\/www.qnstort.at\/de\/wp-content\/uploads\/2019\/11\/qnst_garage_fassade_1-e1583696456187-768x160.jpg 768w, https:\/\/www.qnstort.at\/de\/wp-content\/uploads\/2019\/11\/qnst_garage_fassade_1-e1583696456187-1030x214.jpg 1030w, https:\/\/www.qnstort.at\/de\/wp-content\/uploads\/2019\/11\/qnst_garage_fassade_1-e1583696456187-1500x312.jpg 1500w, https:\/\/www.qnstort.at\/de\/wp-content\/uploads\/2019\/11\/qnst_garage_fassade_1-e1583696456187-705x146.jpg 705w, https:\/\/www.qnstort.at\/de\/wp-content\/uploads\/2019\/11\/qnst_garage_fassade_1-e1583696456187-450x93.jpg 450w, https:\/\/www.qnstort.at\/de\/wp-content\/uploads\/2019\/11\/qnst_garage_fassade_1-e1583696456187-1536x319.jpg 1536w, https:\/\/www.qnstort.at\/de\/wp-content\/uploads\/2019\/11\/qnst_garage_fassade_1-e1583696456187-2048x425.jpg 2048w\" sizes=\"(max-width: 2821px) 100vw, 2821px\" \/><\/div><\/div><\/div><\/div>\n\n<style type=\"text\/css\" data-created_by=\"avia_inline_auto\" id=\"style-css-av-3u0b1d-140ed1a7d3767f585f31d14c03417feb\">\n.flex_column.av-3u0b1d-140ed1a7d3767f585f31d14c03417feb{\nborder-radius:0px 0px 0px 0px;\npadding:0px 0px 0px 0px;\n}\n<\/style>\n<div  class='flex_column av-3u0b1d-140ed1a7d3767f585f31d14c03417feb av_one_third  avia-builder-el-4  el_after_av_one_full  el_before_av_two_third  first flex_column_div av-zero-column-padding  column-top-margin'     ><\/div>\n\n<style type=\"text\/css\" data-created_by=\"avia_inline_auto\" id=\"style-css-av-3u0b1d-49e7af93b1488b8ab7ea5d5a3fa60598\">\n.flex_column.av-3u0b1d-49e7af93b1488b8ab7ea5d5a3fa60598{\nborder-radius:0px 0px 0px 0px;\npadding:0px 0px 0px 0px;\n}\n<\/style>\n<div  class='flex_column av-3u0b1d-49e7af93b1488b8ab7ea5d5a3fa60598 av_two_third  avia-builder-el-5  el_after_av_one_third  el_before_av_one_half  flex_column_div av-zero-column-padding  column-top-margin'     ><section  class='av_textblock_section av-2wwtip-c59f6eaed04f7e8c92e3b701922a1030 '   itemscope=\"itemscope\" itemtype=\"https:\/\/schema.org\/CreativeWork\" ><div class='avia_textblock'  itemprop=\"text\" ><p>8 Garagen im Park des Museum f\u00fcr Quellenkultur, mit einer unansehnlich und verbrauchten Fassade die dem Erscheinungsbild der gesamten Parkanlage nicht mehr entspricht, werden zu einem Beispiel f\u00fcr Fassadengestaltung und werten das Ortsbild und den Park auf. Strategie und Konzept des Museums f\u00fcr Quellenkultur ist eine Zusammenschau von historischem Kulturgut und zeitgen\u00f6ssischer Kunst. Dies wird durch dieses Projekt auch im \u00f6ffentlichen Raum verst\u00e4rkt sichtbar.<\/p>\n<\/div><\/section><\/div>\n\n<style type=\"text\/css\" data-created_by=\"avia_inline_auto\" id=\"style-css-av-t1jwh-546bbf6973bc25cce829a119b86717a4\">\n.flex_column.av-t1jwh-546bbf6973bc25cce829a119b86717a4{\nborder-radius:0px 0px 0px 0px;\npadding:0px 0px 0px 0px;\n}\n<\/style>\n<div  class='flex_column av-t1jwh-546bbf6973bc25cce829a119b86717a4 av_one_half  avia-builder-el-7  el_after_av_two_third  el_before_av_one_half  first flex_column_div av-zero-column-padding  column-top-margin'     ><style type=\"text\/css\" data-created_by=\"avia_inline_auto\" id=\"style-css-av-k7jg78nq-cffc33d4cc6ff92603e035c9a8f5fed6\">\n.avia-image-container.av-k7jg78nq-cffc33d4cc6ff92603e035c9a8f5fed6 img.avia_image{\nbox-shadow:none;\n}\n.avia-image-container.av-k7jg78nq-cffc33d4cc6ff92603e035c9a8f5fed6 .av-image-caption-overlay-center{\ncolor:#ffffff;\n}\n<\/style>\n<div  class='avia-image-container av-k7jg78nq-cffc33d4cc6ff92603e035c9a8f5fed6 av-styling- avia-align-center  avia-builder-el-8  avia-builder-el-no-sibling '   itemprop=\"image\" itemscope=\"itemscope\" itemtype=\"https:\/\/schema.org\/ImageObject\" ><div class=\"avia-image-container-inner\"><div class=\"avia-image-overlay-wrap\"><img decoding=\"async\" fetchpriority=\"high\" class='wp-image-2575 avia-img-lazy-loading-not-2575 avia_image ' src=\"https:\/\/www.qnstort.at\/de\/wp-content\/uploads\/2020\/03\/qnstfassen_2-1030x548.jpg\" alt='' title='qnstfassen_2'  height=\"548\" width=\"1030\"  itemprop=\"thumbnailUrl\" srcset=\"https:\/\/www.qnstort.at\/de\/wp-content\/uploads\/2020\/03\/qnstfassen_2-1030x548.jpg 1030w, https:\/\/www.qnstort.at\/de\/wp-content\/uploads\/2020\/03\/qnstfassen_2-300x160.jpg 300w, https:\/\/www.qnstort.at\/de\/wp-content\/uploads\/2020\/03\/qnstfassen_2-768x409.jpg 768w, https:\/\/www.qnstort.at\/de\/wp-content\/uploads\/2020\/03\/qnstfassen_2-1536x817.jpg 1536w, https:\/\/www.qnstort.at\/de\/wp-content\/uploads\/2020\/03\/qnstfassen_2-1500x798.jpg 1500w, https:\/\/www.qnstort.at\/de\/wp-content\/uploads\/2020\/03\/qnstfassen_2-705x375.jpg 705w, https:\/\/www.qnstort.at\/de\/wp-content\/uploads\/2020\/03\/qnstfassen_2-450x239.jpg 450w, https:\/\/www.qnstort.at\/de\/wp-content\/uploads\/2020\/03\/qnstfassen_2.jpg 2000w\" sizes=\"(max-width: 1030px) 100vw, 1030px\" \/><\/div><\/div><\/div><\/div>\n\n<style type=\"text\/css\" data-created_by=\"avia_inline_auto\" id=\"style-css-av-t1jwh-3d9c51355fa3c03224c43784a7c43142\">\n.flex_column.av-t1jwh-3d9c51355fa3c03224c43784a7c43142{\nborder-radius:0px 0px 0px 0px;\npadding:0px 0px 0px 0px;\n}\n<\/style>\n<div  class='flex_column av-t1jwh-3d9c51355fa3c03224c43784a7c43142 av_one_half  avia-builder-el-9  el_after_av_one_half  el_before_av_one_third  flex_column_div av-zero-column-padding  column-top-margin'     ><style type=\"text\/css\" data-created_by=\"avia_inline_auto\" id=\"style-css-av-k7jg8eey-e9e2e13fe49826d98c2d7a7dcf8cf6c7\">\n.avia-image-container.av-k7jg8eey-e9e2e13fe49826d98c2d7a7dcf8cf6c7 img.avia_image{\nbox-shadow:none;\n}\n.avia-image-container.av-k7jg8eey-e9e2e13fe49826d98c2d7a7dcf8cf6c7 .av-image-caption-overlay-center{\ncolor:#ffffff;\n}\n<\/style>\n<div  class='avia-image-container av-k7jg8eey-e9e2e13fe49826d98c2d7a7dcf8cf6c7 av-styling- avia-align-center  avia-builder-el-10  avia-builder-el-no-sibling '   itemprop=\"image\" itemscope=\"itemscope\" itemtype=\"https:\/\/schema.org\/ImageObject\" ><div class=\"avia-image-container-inner\"><div class=\"avia-image-overlay-wrap\"><img decoding=\"async\" fetchpriority=\"high\" class='wp-image-2573 avia-img-lazy-loading-not-2573 avia_image ' src=\"https:\/\/www.qnstort.at\/de\/wp-content\/uploads\/2020\/03\/qnstfassen_1-1030x548.jpg\" alt='' title='qnstfassen_1'  height=\"548\" width=\"1030\"  itemprop=\"thumbnailUrl\" srcset=\"https:\/\/www.qnstort.at\/de\/wp-content\/uploads\/2020\/03\/qnstfassen_1-1030x548.jpg 1030w, https:\/\/www.qnstort.at\/de\/wp-content\/uploads\/2020\/03\/qnstfassen_1-300x160.jpg 300w, https:\/\/www.qnstort.at\/de\/wp-content\/uploads\/2020\/03\/qnstfassen_1-768x409.jpg 768w, https:\/\/www.qnstort.at\/de\/wp-content\/uploads\/2020\/03\/qnstfassen_1-1536x817.jpg 1536w, https:\/\/www.qnstort.at\/de\/wp-content\/uploads\/2020\/03\/qnstfassen_1-1500x798.jpg 1500w, https:\/\/www.qnstort.at\/de\/wp-content\/uploads\/2020\/03\/qnstfassen_1-705x375.jpg 705w, https:\/\/www.qnstort.at\/de\/wp-content\/uploads\/2020\/03\/qnstfassen_1-450x239.jpg 450w, https:\/\/www.qnstort.at\/de\/wp-content\/uploads\/2020\/03\/qnstfassen_1.jpg 2000w\" sizes=\"(max-width: 1030px) 100vw, 1030px\" \/><\/div><\/div><\/div><\/div>\n\n<style type=\"text\/css\" data-created_by=\"avia_inline_auto\" id=\"style-css-av-3u0b1d-140ed1a7d3767f585f31d14c03417feb\">\n.flex_column.av-3u0b1d-140ed1a7d3767f585f31d14c03417feb{\nborder-radius:0px 0px 0px 0px;\npadding:0px 0px 0px 0px;\n}\n<\/style>\n<div  class='flex_column av-3u0b1d-140ed1a7d3767f585f31d14c03417feb av_one_third  avia-builder-el-11  el_after_av_one_half  el_before_av_two_third  first flex_column_div av-zero-column-padding  column-top-margin'     ><\/div>\n\n<style type=\"text\/css\" data-created_by=\"avia_inline_auto\" id=\"style-css-av-3u0b1d-49e7af93b1488b8ab7ea5d5a3fa60598\">\n.flex_column.av-3u0b1d-49e7af93b1488b8ab7ea5d5a3fa60598{\nborder-radius:0px 0px 0px 0px;\npadding:0px 0px 0px 0px;\n}\n<\/style>\n<div  class='flex_column av-3u0b1d-49e7af93b1488b8ab7ea5d5a3fa60598 av_two_third  avia-builder-el-12  el_after_av_one_third  el_before_av_one_full  flex_column_div av-zero-column-padding  column-top-margin'     ><section  class='av_textblock_section av-2wwtip-c59f6eaed04f7e8c92e3b701922a1030 '   itemscope=\"itemscope\" itemtype=\"https:\/\/schema.org\/CreativeWork\" ><div class='avia_textblock'  itemprop=\"text\" ><p>Die Arbeiten des K\u00fcnstlers Werner Hofmeister an diesem Projekt erfolgten ehrenamtlich. Die Druckkosten f\u00fcr die Fassadenfolien wurden vom Leader Programm unterst\u00fctzt.<\/p>\n<p>Die Umsetzung des Projektes \u201eQnst-Fassaden Klein St. Paul\u201c wird im Rahmen des \u00d6sterreichischen Programms f\u00fcr l\u00e4ndliche Entwicklung \u2013 Vorhabensart 19.2.1 gef\u00f6rdert. Der F\u00f6rderbetrag in H\u00f6he von \u20ac 4.560,&#8211;\u00a0 setzt sich aus Mitteln von Bund, Land und der Europ\u00e4ischen Union zusammen.<\/p>\n<\/div><\/section><\/div>\n\n<style type=\"text\/css\" data-created_by=\"avia_inline_auto\" id=\"style-css-av-3u0b1d-140ed1a7d3767f585f31d14c03417feb\">\n.flex_column.av-3u0b1d-140ed1a7d3767f585f31d14c03417feb{\nborder-radius:0px 0px 0px 0px;\npadding:0px 0px 0px 0px;\n}\n<\/style>\n<div  class='flex_column av-3u0b1d-140ed1a7d3767f585f31d14c03417feb av_one_full  avia-builder-el-14  el_after_av_two_third  avia-builder-el-last  first flex_column_div av-zero-column-padding  column-top-margin'     ><section  class='av_textblock_section av-2wwtip-c59f6eaed04f7e8c92e3b701922a1030 '   itemscope=\"itemscope\" itemtype=\"https:\/\/schema.org\/CreativeWork\" ><div class='avia_textblock'  itemprop=\"text\" ><p style=\"text-align: right;\">Mit Unterst\u00fctzung von Bund, Land und Europ\u00e4ischer Union.<\/p>\n<\/div><\/section><br \/>\n<div  class='avia-logo-element-container av-k2rpc1ky-84840ce83bfdf6a3449039bc799402bb av-border-deactivate avia-logo-grid avia-content-slider avia-smallarrow-slider avia-content-grid-active noHover avia-content-slider-even  avia-builder-el-16  el_after_av_textblock  avia-builder-el-last  avia-content-slider1' ><div class='avia-smallarrow-slider-heading  no-logo-slider-heading '><div class='new-special-heading'>&nbsp;<\/div><\/div><div class=\"avia-content-slider-inner\"><div class=\"slide-entry-wrap\"><div  class='slide-entry av-brjxd-02d06a7fe3b30e3dc107f90d74b3e804 flex_column no_margin av_one_fourth real-thumbnail post-entry slide-entry-overview slide-loop-1 slide-parity-odd  first'><a href=\"https:\/\/www.ktn.gv.at\/\" data-rel='slide-1' class='slide-image' title=''  target=\"_blank\"  rel=\"noopener noreferrer\"><img decoding=\"async\" fetchpriority=\"high\" width=\"334\" height=\"83\" src=\"https:\/\/www.qnstort.at\/de\/wp-content\/uploads\/2019\/11\/ktn-logo.png\" class=\"wp-image-1711 avia-img-lazy-loading-not-1711 attachment-no scaling size-no scaling\" alt=\"\" srcset=\"https:\/\/www.qnstort.at\/de\/wp-content\/uploads\/2019\/11\/ktn-logo.png 334w, https:\/\/www.qnstort.at\/de\/wp-content\/uploads\/2019\/11\/ktn-logo-300x75.png 300w\" sizes=\"(max-width: 334px) 100vw, 334px\" \/><\/a><\/div><div  class='slide-entry av-k3u41-a2272de5fc49a8b695f876f62501293a flex_column no_margin av_one_fourth real-thumbnail post-entry slide-entry-overview slide-loop-2 slide-parity-even  '><a href=\"https:\/\/www.bmnt.gv.at\/\" data-rel='slide-1' class='slide-image' title=''  target=\"_blank\"  rel=\"noopener noreferrer\"><img decoding=\"async\" fetchpriority=\"high\" width=\"288\" height=\"108\" src=\"https:\/\/www.qnstort.at\/de\/wp-content\/uploads\/2019\/11\/BMNT_DE_Logo.png\" class=\"wp-image-1691 avia-img-lazy-loading-not-1691 attachment-no scaling size-no scaling\" alt=\"\" \/><\/a><\/div><div  class='slide-entry av-4icxoh-68ef37bb62dff6cc9ede1739feaa4f00 flex_column no_margin av_one_fourth real-thumbnail post-entry slide-entry-overview slide-loop-3 slide-parity-odd  '><a href=\"https:\/\/enrd.ec.europa.eu\/leader-clld_de\" data-rel='slide-1' class='slide-image' title=''  target=\"_blank\"  rel=\"noopener noreferrer\"><img decoding=\"async\" fetchpriority=\"high\" width=\"239\" height=\"87\" src=\"https:\/\/www.qnstort.at\/de\/wp-content\/uploads\/2019\/11\/leader_logo.jpg\" class=\"wp-image-1689 avia-img-lazy-loading-not-1689 attachment-no scaling size-no scaling\" alt=\"\" \/><\/a><\/div><div  class='slide-entry av-2mkiqp-345a475a2585b1abf28dddd5a4e05580 flex_column no_margin av_one_fourth real-thumbnail post-entry slide-entry-overview slide-loop-4 slide-parity-even post-entry-last '><a href=\"https:\/\/enrd.ec.europa.eu\/leader-clld_de\" data-rel='slide-1' class='slide-image' title=''  target=\"_blank\"  rel=\"noopener noreferrer\"><img decoding=\"async\" fetchpriority=\"high\" width=\"316\" height=\"128\" src=\"https:\/\/www.qnstort.at\/de\/wp-content\/uploads\/2019\/11\/eu.jpg\" class=\"wp-image-1687 avia-img-lazy-loading-not-1687 attachment-no scaling size-no scaling\" alt=\"\" srcset=\"https:\/\/www.qnstort.at\/de\/wp-content\/uploads\/2019\/11\/eu.jpg 316w, https:\/\/www.qnstort.at\/de\/wp-content\/uploads\/2019\/11\/eu-300x122.jpg 300w\" sizes=\"(max-width: 316px) 100vw, 316px\" \/><\/a><\/div><\/div><\/div><\/div><\/p><\/div>\n","protected":false},"excerpt":{"rendered":"","protected":false},"author":1,"featured_media":0,"parent":0,"menu_order":0,"comment_status":"closed","ping_status":"closed","template":"","meta":{"footnotes":""},"class_list":["post-1313","page","type-page","status-publish","hentry"],"_links":{"self":[{"href":"https:\/\/www.qnstort.at\/de\/wp-json\/wp\/v2\/pages\/1313","targetHints":{"allow":["GET"]}}],"collection":[{"href":"https:\/\/www.qnstort.at\/de\/wp-json\/wp\/v2\/pages"}],"about":[{"href":"https:\/\/www.qnstort.at\/de\/wp-json\/wp\/v2\/types\/page"}],"author":[{"embeddable":true,"href":"https:\/\/www.qnstort.at\/de\/wp-json\/wp\/v2\/users\/1"}],"replies":[{"embeddable":true,"href":"https:\/\/www.qnstort.at\/de\/wp-json\/wp\/v2\/comments?post=1313"}],"version-history":[{"count":35,"href":"https:\/\/www.qnstort.at\/de\/wp-json\/wp\/v2\/pages\/1313\/revisions"}],"predecessor-version":[{"id":2711,"href":"https:\/\/www.qnstort.at\/de\/wp-json\/wp\/v2\/pages\/1313\/revisions\/2711"}],"wp:attachment":[{"href":"https:\/\/www.qnstort.at\/de\/wp-json\/wp\/v2\/media?parent=1313"}],"curies":[{"name":"wp","href":"https:\/\/api.w.org\/{rel}","templated":true}]}}