{"id":141,"date":"2019-08-18T12:23:48","date_gmt":"2019-08-18T10:23:48","guid":{"rendered":"http:\/\/www.qnstort.at\/de\/?page_id=141"},"modified":"2024-09-16T15:58:38","modified_gmt":"2024-09-16T13:58:38","slug":"datenschutz","status":"publish","type":"page","link":"https:\/\/www.qnstort.at\/de\/datenschutz\/","title":{"rendered":"Datenschutz"},"content":{"rendered":"\n<style type=\"text\/css\" data-created_by=\"avia_inline_auto\" id=\"style-css-av-b16px-a06f20768e10060dbf7835559d966116\">\n.flex_column.av-b16px-a06f20768e10060dbf7835559d966116{\nborder-radius:0px 0px 0px 0px;\npadding:0px 0px 0px 0px;\n}\n<\/style>\n<div  class='flex_column av-b16px-a06f20768e10060dbf7835559d966116 av_one_full  avia-builder-el-0  avia-builder-el-no-sibling  first flex_column_div av-zero-column-padding  '     ><section  class='av_textblock_section av-k3ju827i-8dbc590dfbfc6096f9f694c6b5567798 '   itemscope=\"itemscope\" itemtype=\"https:\/\/schema.org\/CreativeWork\" ><div class='avia_textblock'  itemprop=\"text\" ><h3 class=\"av-special-heading-tag \">Datenschutzerkl\u00e4rung<\/h3>\n<p>Der Schutz Ihrer pers\u00f6nlichen Daten ist uns ein besonderes Anliegen. Wir verarbeiten Ihre Daten daher ausschlie\u00dflich auf Grundlage der gesetzlichen Bestimmungen (DSGVO). In diesen Datenschutzinformationen informieren wir Sie \u00fcber die wichtigsten Aspekte der Datenverarbeitung im Rahmen unserer Website.<\/p>\n<h4 id=\"heading_Kontakt_mit_uns\">Kontakt mit uns<\/h4>\n<p>Wenn Sie per E-Mail Kontakt mit uns aufnehmen, werden Ihre angegebenen Daten zwecks Bearbeitung der Anfrage und f\u00fcr den Fall von Anschlussfragen sechs Monate bei uns gespeichert. Diese Daten geben wir nicht ohne Ihre Einwilligung weiter.<\/p>\n<h4 id=\"heading_Cookies\">Cookies<\/h4>\n<p>Unsere Website verwendet so genannte Cookies. Dabei handelt es sich um kleine Textdateien, die mit Hilfe des Browsers auf Ihrem Endger\u00e4t abgelegt werden. Sie richten keinen Schaden an.<\/p>\n<p>Wir nutzen Cookies dazu, unser Angebot nutzerfreundlich zu gestalten. Einige Cookies bleiben auf Ihrem Endger\u00e4t gespeichert, bis Sie diese l\u00f6schen. Sie erm\u00f6glichen es uns, Ihren Browser beim n\u00e4chsten Besuch wiederzuerkennen.<\/p>\n<p>Wenn Sie dies nicht w\u00fcnschen, so k\u00f6nnen Sie Ihren Browser so einrichten, dass er Sie \u00fcber das Setzen von Cookies informiert und Sie dies nur im Einzelfall erlauben.<\/p>\n<p>Bei der Deaktivierung von Cookies kann die Funktionalit\u00e4t unserer Website eingeschr\u00e4nkt sein.<\/p>\n<h4><strong>Notwendige Cookies<\/strong><\/h4>\n<p>Wir verwenden nur notwendige Cookies. Diese Cookies sind unbedingt erforderlich, um Ihnen die auf unserer Website verf\u00fcgbaren Dienste zur Verf\u00fcgung zu stellen und einige ihrer Funktionen zu nutzen.<\/p>\n<p>Da diese Cookies zur Bereitstellung der Website unbedingt erforderlich sind, k\u00f6nnen Sie sie nicht ablehnen, ohne die Funktionsweise unserer Website zu beeintr\u00e4chtigen. Sie k\u00f6nnen sie blockieren oder l\u00f6schen, indem Sie Ihre Browsereinstellungen \u00e4ndern und das Blockieren aller Cookies auf dieser Website erzwingen.<\/p>\n<h4><strong>Externe Inhalte<\/strong><\/h4>\n<p>Wir verwenden\u00a0 keine eingebetteten Youtube oder Vimeo Vidoes. Da diese Anbieter m\u00f6glicherweise Ihre IP-Adresse speichern, werden Sie nicht auf unserer Website geladen. Sollten Sie die Filme betrachten wollen, werden Sie \u00fcber einen link zu Youtube weitergeleitet. Dort k\u00f6nnen Sie unsere Filme betrachen, m\u00fcssen aber die Datenschutzvorgaben dieses Anbieters akzeptieren.<\/p>\n<h4>Ihre Rechte<\/h4>\n<p>Ihnen stehen bez\u00fcglich Ihrer bei uns gespeicherten Daten\u00a0grunds\u00e4tzlich die Rechte auf Auskunft, Berichtigung, L\u00f6schung, Einschr\u00e4nkung, Daten\u00fcbertragbarkeit, Widerruf und Widerspruch zu.<\/p>\n<h4 id=\"heading_Sie_erreichen_uns_unter_folgenden_Kontaktdaten_\">Sie erreichen uns unter folgenden Kontaktdaten:<\/h4>\n<p>WERNER HOFMEISTER<br \/>\nBahnalle 3<br \/>\nA.9373 Klein St. Paul<br \/>\n<a href=\"mailto:hofmeister.werner@outlook.com\">hofmeister.werner@outlook.com<\/a><\/p>\n<\/div><\/section><\/div>\n","protected":false},"excerpt":{"rendered":"","protected":false},"author":1,"featured_media":0,"parent":0,"menu_order":0,"comment_status":"closed","ping_status":"closed","template":"","meta":{"footnotes":""},"class_list":["post-141","page","type-page","status-publish","hentry"],"_links":{"self":[{"href":"https:\/\/www.qnstort.at\/de\/wp-json\/wp\/v2\/pages\/141","targetHints":{"allow":["GET"]}}],"collection":[{"href":"https:\/\/www.qnstort.at\/de\/wp-json\/wp\/v2\/pages"}],"about":[{"href":"https:\/\/www.qnstort.at\/de\/wp-json\/wp\/v2\/types\/page"}],"author":[{"embeddable":true,"href":"https:\/\/www.qnstort.at\/de\/wp-json\/wp\/v2\/users\/1"}],"replies":[{"embeddable":true,"href":"https:\/\/www.qnstort.at\/de\/wp-json\/wp\/v2\/comments?post=141"}],"version-history":[{"count":11,"href":"https:\/\/www.qnstort.at\/de\/wp-json\/wp\/v2\/pages\/141\/revisions"}],"predecessor-version":[{"id":5493,"href":"https:\/\/www.qnstort.at\/de\/wp-json\/wp\/v2\/pages\/141\/revisions\/5493"}],"wp:attachment":[{"href":"https:\/\/www.qnstort.at\/de\/wp-json\/wp\/v2\/media?parent=141"}],"curies":[{"name":"wp","href":"https:\/\/api.w.org\/{rel}","templated":true}]}}