{"id":2239,"date":"2020-03-08T12:16:52","date_gmt":"2020-03-08T11:16:52","guid":{"rendered":"http:\/\/www.qnstort.at\/de\/?page_id=2239"},"modified":"2022-08-24T11:03:03","modified_gmt":"2022-08-24T09:03:03","slug":"quellen-filme","status":"publish","type":"page","link":"https:\/\/www.qnstort.at\/de\/quellen-filme\/","title":{"rendered":"Quellen-Filme"},"content":{"rendered":"\n<style type=\"text\/css\" data-created_by=\"avia_inline_auto\" id=\"style-css-av-1u2y5r-19778a3593556c4d05ba09fdbd818885\">\n.flex_column.av-1u2y5r-19778a3593556c4d05ba09fdbd818885{\nborder-radius:0px 0px 0px 0px;\npadding:0px 0px 0px 0px;\n}\n<\/style>\n<div  class='flex_column av-1u2y5r-19778a3593556c4d05ba09fdbd818885 av_one_full  avia-builder-el-0  el_before_av_one_full  avia-builder-el-first  first flex_column_div av-zero-column-padding  '     ><section  class='av_textblock_section av-k7j1rph5-9fb157a6797729885b3e2f342878e792 '   itemscope=\"itemscope\" itemtype=\"https:\/\/schema.org\/CreativeWork\" ><div class='avia_textblock'  itemprop=\"text\" ><h1>QUELLENKULTUR FILME<\/h1>\n<\/div><\/section><\/div>\n\n<style type=\"text\/css\" data-created_by=\"avia_inline_auto\" id=\"style-css-av-1nj00-8203559f40c38468beb6be11f87e363e\">\n.flex_column.av-1nj00-8203559f40c38468beb6be11f87e363e{\nborder-radius:0px 0px 0px 0px;\npadding:0px 0px 0px 0px;\n}\n<\/style>\n<div  class='flex_column av-1nj00-8203559f40c38468beb6be11f87e363e av_one_full  avia-builder-el-2  el_after_av_one_full  el_before_av_one_fifth  first flex_column_div av-zero-column-padding  column-top-margin'     ><section  class='av_textblock_section av-l76s6jid-2f2144c0a33ce189f66c3d3a5590ee10 '   itemscope=\"itemscope\" itemtype=\"https:\/\/schema.org\/CreativeWork\" ><div class='avia_textblock'  itemprop=\"text\" ><p><strong>Datenschutz Hinweis:<\/strong><\/p>\n<p>Die beiden Filme sind auf Youtube ver\u00f6ffentlicht. Da diese Anbieter m\u00f6glicherweise Ihre IP-Adresse speichern, m\u00fcssen Sie deren Datenschutzrichtlinien akzeptieren. Wenn Sie auf untenstehenden link klicken, werden Sie zur Youtube-Seite weitergeleitet, wo Sie die Videos anschauen k\u00f6nnen und damit auch die Richtlinien von Youtube akzeptieren.<\/p>\n<\/div><\/section><\/div>\n\n<style type=\"text\/css\" data-created_by=\"avia_inline_auto\" id=\"style-css-av-2nz4fz-2901f2d8d856f4f5032da854b75a001f\">\n.flex_column.av-2nz4fz-2901f2d8d856f4f5032da854b75a001f{\nborder-radius:0px 0px 0px 0px;\npadding:0px 0px 0px 0px;\n}\n<\/style>\n<div  class='flex_column av-2nz4fz-2901f2d8d856f4f5032da854b75a001f av_one_fifth  avia-builder-el-4  el_after_av_one_full  el_before_av_three_fifth  first flex_column_div av-zero-column-padding  column-top-margin'     ><\/div>\n\n<style type=\"text\/css\" data-created_by=\"avia_inline_auto\" id=\"style-css-av-1nj00-9-9a0010878bd66dafc724a44cc3ebad86\">\n.flex_column.av-1nj00-9-9a0010878bd66dafc724a44cc3ebad86{\nborder-radius:0px 0px 0px 0px;\npadding:0px 0px 0px 0px;\n}\n<\/style>\n<div  class='flex_column av-1nj00-9-9a0010878bd66dafc724a44cc3ebad86 av_three_fifth  avia-builder-el-5  el_after_av_one_fifth  el_before_av_one_fifth  flex_column_div av-zero-column-padding  column-top-margin'     ><section  class='av_textblock_section av-k3ka1dmq-3b2088095465e10090a24397180db0c1 '   itemscope=\"itemscope\" itemtype=\"https:\/\/schema.org\/CreativeWork\" ><div class='avia_textblock'  itemprop=\"text\" ><p style=\"text-align: right;\"><strong>Der Quellenkulturpark<\/strong><\/p>\n<\/div><\/section><br \/>\n\n<style type=\"text\/css\" data-created_by=\"avia_inline_auto\" id=\"style-css-av-l77dp0bd-8dfe403438b87d83ed561af24b84536e\">\n.avia-image-container.av-l77dp0bd-8dfe403438b87d83ed561af24b84536e img.avia_image{\nbox-shadow:none;\n}\n.avia-image-container.av-l77dp0bd-8dfe403438b87d83ed561af24b84536e .av-image-caption-overlay-center{\ncolor:#ffffff;\n}\n<\/style>\n<div  class='avia-image-container av-l77dp0bd-8dfe403438b87d83ed561af24b84536e av-styling- av-img-linked avia-align-center  avia-builder-el-7  el_after_av_textblock  el_before_av_textblock '   itemprop=\"image\" itemscope=\"itemscope\" itemtype=\"https:\/\/schema.org\/ImageObject\" ><div class=\"avia-image-container-inner\"><div class=\"avia-image-overlay-wrap\"><a href=\"https:\/\/youtu.be\/X4yDsNFNb4c\" class='avia_image '  target=\"_blank\"  rel=\"noopener noreferrer\" aria-label='Skulpturenpark_Qnst_Copryright_daniel-waschnig2271'><img decoding=\"async\" fetchpriority=\"high\" class='wp-image-1885 avia-img-lazy-loading-not-1885 avia_image ' src=\"https:\/\/www.qnstort.at\/de\/wp-content\/uploads\/2019\/11\/Skulpturenpark_Qnst_Copryright_daniel-waschnig2271-1030x687.jpg\" alt='' title='Skulpturenpark_Qnst_Copryright_daniel-waschnig2271'  height=\"687\" width=\"1030\"  itemprop=\"thumbnailUrl\" srcset=\"https:\/\/www.qnstort.at\/de\/wp-content\/uploads\/2019\/11\/Skulpturenpark_Qnst_Copryright_daniel-waschnig2271-1030x687.jpg 1030w, https:\/\/www.qnstort.at\/de\/wp-content\/uploads\/2019\/11\/Skulpturenpark_Qnst_Copryright_daniel-waschnig2271-300x200.jpg 300w, https:\/\/www.qnstort.at\/de\/wp-content\/uploads\/2019\/11\/Skulpturenpark_Qnst_Copryright_daniel-waschnig2271-768x512.jpg 768w, https:\/\/www.qnstort.at\/de\/wp-content\/uploads\/2019\/11\/Skulpturenpark_Qnst_Copryright_daniel-waschnig2271-1500x1000.jpg 1500w, https:\/\/www.qnstort.at\/de\/wp-content\/uploads\/2019\/11\/Skulpturenpark_Qnst_Copryright_daniel-waschnig2271-705x470.jpg 705w, https:\/\/www.qnstort.at\/de\/wp-content\/uploads\/2019\/11\/Skulpturenpark_Qnst_Copryright_daniel-waschnig2271-450x300.jpg 450w\" sizes=\"(max-width: 1030px) 100vw, 1030px\" \/><\/a><\/div><\/div><\/div><br \/>\n<section  class='av_textblock_section av-l77dq4uf-420d5b7a78bdfc3094e93986b6b02bfb '   itemscope=\"itemscope\" itemtype=\"https:\/\/schema.org\/CreativeWork\" ><div class='avia_textblock'  itemprop=\"text\" ><p style=\"text-align: center;\"><a href=\"https:\/\/youtu.be\/X4yDsNFNb4c\">Film auf Youtube ansehen: https:\/\/youtu.be\/X4yDsNFNb4c<\/a><\/p>\n<\/div><\/section><br \/>\n<section  class='av_textblock_section av-k3ka1dmq-7-89a72687fbc81249c202cade8a79a27e '   itemscope=\"itemscope\" itemtype=\"https:\/\/schema.org\/CreativeWork\" ><div class='avia_textblock'  itemprop=\"text\" ><p style=\"text-align: right;\"><strong>Ein Kurzfilm mit Werner Hofmeister<\/strong><\/p>\n<p style=\"text-align: right;\">Fotos: Karl-Heinz Kronawetter und Daniel Waschnig\/Kelag<br \/>\nVideo, Schnitt und Gestaltung: Karl-Heinz Kronawetter, 2019<\/p>\n<\/div><\/section><\/p><\/div>\n\n<style type=\"text\/css\" data-created_by=\"avia_inline_auto\" id=\"style-css-av-1nj00-8-5a0621264201b8a3a8a4d1d48ed6a755\">\n.flex_column.av-1nj00-8-5a0621264201b8a3a8a4d1d48ed6a755{\nborder-radius:0px 0px 0px 0px;\npadding:0px 0px 0px 0px;\n}\n<\/style>\n<div  class='flex_column av-1nj00-8-5a0621264201b8a3a8a4d1d48ed6a755 av_one_fifth  avia-builder-el-10  el_after_av_three_fifth  el_before_av_one_fifth  flex_column_div av-zero-column-padding  column-top-margin'     ><\/div>\n\n<style type=\"text\/css\" data-created_by=\"avia_inline_auto\" id=\"style-css-av-1nj00-4-b5d31d926abe10b93766260732d6eef2\">\n.flex_column.av-1nj00-4-b5d31d926abe10b93766260732d6eef2{\nborder-radius:0px 0px 0px 0px;\npadding:0px 0px 0px 0px;\n}\n<\/style>\n<div  class='flex_column av-1nj00-4-b5d31d926abe10b93766260732d6eef2 av_one_fifth  avia-builder-el-11  el_after_av_one_fifth  el_before_av_three_fifth  first flex_column_div av-zero-column-padding  column-top-margin'     ><\/div>\n\n<style type=\"text\/css\" data-created_by=\"avia_inline_auto\" id=\"style-css-av-1nj00-3-715fb5aac110610098cdc9c67dc1b988\">\n.flex_column.av-1nj00-3-715fb5aac110610098cdc9c67dc1b988{\nborder-radius:0px 0px 0px 0px;\npadding:0px 0px 0px 0px;\n}\n<\/style>\n<div  class='flex_column av-1nj00-3-715fb5aac110610098cdc9c67dc1b988 av_three_fifth  avia-builder-el-12  el_after_av_one_fifth  avia-builder-el-last  flex_column_div av-zero-column-padding  column-top-margin'     ><section  class='av_textblock_section av-k3ka1dmq-5-7ed5579579c8af6b0a542351dc337b61 '   itemscope=\"itemscope\" itemtype=\"https:\/\/schema.org\/CreativeWork\" ><div class='avia_textblock'  itemprop=\"text\" ><p style=\"text-align: right;\"><strong>Der Gro\u00dfe &#8222;Q&#8220;<\/strong><\/p>\n<\/div><\/section><br \/>\n\n<style type=\"text\/css\" data-created_by=\"avia_inline_auto\" id=\"style-css-av-l77dzog1-7a914c7fee5c811d2bacc19058100ef9\">\n.avia-image-container.av-l77dzog1-7a914c7fee5c811d2bacc19058100ef9 img.avia_image{\nbox-shadow:none;\n}\n.avia-image-container.av-l77dzog1-7a914c7fee5c811d2bacc19058100ef9 .av-image-caption-overlay-center{\ncolor:#ffffff;\n}\n<\/style>\n<div  class='avia-image-container av-l77dzog1-7a914c7fee5c811d2bacc19058100ef9 av-styling- av-img-linked avia-align-center  avia-builder-el-14  el_after_av_textblock  el_before_av_textblock '   itemprop=\"image\" itemscope=\"itemscope\" itemtype=\"https:\/\/schema.org\/ImageObject\" ><div class=\"avia-image-container-inner\"><div class=\"avia-image-overlay-wrap\"><a href=\"https:\/\/youtu.be\/erThIoYqaAQ\" class='avia_image '  target=\"_blank\"  rel=\"noopener noreferrer\" aria-label='Museum_Quellenkultur_26'><img decoding=\"async\" fetchpriority=\"high\" class='wp-image-2509 avia-img-lazy-loading-not-2509 avia_image ' src=\"https:\/\/www.qnstort.at\/de\/wp-content\/uploads\/2020\/03\/Museum_Quellenkultur_26.jpg\" alt='' title='Museum_Quellenkultur_26'  height=\"667\" width=\"1000\"  itemprop=\"thumbnailUrl\" srcset=\"https:\/\/www.qnstort.at\/de\/wp-content\/uploads\/2020\/03\/Museum_Quellenkultur_26.jpg 1000w, https:\/\/www.qnstort.at\/de\/wp-content\/uploads\/2020\/03\/Museum_Quellenkultur_26-300x200.jpg 300w, https:\/\/www.qnstort.at\/de\/wp-content\/uploads\/2020\/03\/Museum_Quellenkultur_26-768x512.jpg 768w, https:\/\/www.qnstort.at\/de\/wp-content\/uploads\/2020\/03\/Museum_Quellenkultur_26-705x470.jpg 705w, https:\/\/www.qnstort.at\/de\/wp-content\/uploads\/2020\/03\/Museum_Quellenkultur_26-450x300.jpg 450w\" sizes=\"(max-width: 1000px) 100vw, 1000px\" \/><\/a><\/div><\/div><\/div><br \/>\n<section  class='av_textblock_section av-l77dtu3u-dea6ed1441879be2c7501f9bad85b1ba '   itemscope=\"itemscope\" itemtype=\"https:\/\/schema.org\/CreativeWork\" ><div class='avia_textblock'  itemprop=\"text\" ><p style=\"text-align: center;\"><a href=\"https:\/\/youtu.be\/erThIoYqaAQ\">Film auf Youtube ansehen: https:\/\/youtu.be\/erThIoYqaAQ<\/a><\/p>\n<\/div><\/section><br \/>\n<section  class='av_textblock_section av-k3ka1dmq-2-c1dbe54a2016ac40de039af49292ee40 '   itemscope=\"itemscope\" itemtype=\"https:\/\/schema.org\/CreativeWork\" ><div class='avia_textblock'  itemprop=\"text\" ><p style=\"text-align: right;\"><strong>Werner Hofmeister der Quellensucher<br \/>\n<\/strong><\/p>\n<p style=\"text-align: right;\">Matinee am Sonntag<br \/>\nORF Landesstudio K\u00e4rnten, 2013<\/p>\n<\/div><\/section><\/p><\/div>\n","protected":false},"excerpt":{"rendered":"","protected":false},"author":1,"featured_media":0,"parent":0,"menu_order":0,"comment_status":"closed","ping_status":"closed","template":"","meta":{"footnotes":""},"class_list":["post-2239","page","type-page","status-publish","hentry"],"_links":{"self":[{"href":"https:\/\/www.qnstort.at\/de\/wp-json\/wp\/v2\/pages\/2239","targetHints":{"allow":["GET"]}}],"collection":[{"href":"https:\/\/www.qnstort.at\/de\/wp-json\/wp\/v2\/pages"}],"about":[{"href":"https:\/\/www.qnstort.at\/de\/wp-json\/wp\/v2\/types\/page"}],"author":[{"embeddable":true,"href":"https:\/\/www.qnstort.at\/de\/wp-json\/wp\/v2\/users\/1"}],"replies":[{"embeddable":true,"href":"https:\/\/www.qnstort.at\/de\/wp-json\/wp\/v2\/comments?post=2239"}],"version-history":[{"count":35,"href":"https:\/\/www.qnstort.at\/de\/wp-json\/wp\/v2\/pages\/2239\/revisions"}],"predecessor-version":[{"id":5087,"href":"https:\/\/www.qnstort.at\/de\/wp-json\/wp\/v2\/pages\/2239\/revisions\/5087"}],"wp:attachment":[{"href":"https:\/\/www.qnstort.at\/de\/wp-json\/wp\/v2\/media?parent=2239"}],"curies":[{"name":"wp","href":"https:\/\/api.w.org\/{rel}","templated":true}]}}