{"id":3299,"date":"2020-03-16T17:17:56","date_gmt":"2020-03-16T16:17:56","guid":{"rendered":"http:\/\/www.qnstort.at\/de\/?page_id=3299"},"modified":"2020-04-07T15:36:44","modified_gmt":"2020-04-07T13:36:44","slug":"baeume","status":"publish","type":"page","link":"https:\/\/www.qnstort.at\/de\/baeume\/","title":{"rendered":"B\u00e4ume"},"content":{"rendered":"\n<style type=\"text\/css\" data-created_by=\"avia_inline_auto\" id=\"style-css-av-2d5vdb-515e39eccb56d3d463feb83407eb32bf\">\n.flex_column.av-2d5vdb-515e39eccb56d3d463feb83407eb32bf{\nborder-radius:0px 0px 0px 0px;\npadding:0px 0px 0px 0px;\n}\n<\/style>\n<div  class='flex_column av-2d5vdb-515e39eccb56d3d463feb83407eb32bf av_one_full  avia-builder-el-0  el_before_av_one_full  avia-builder-el-first  first flex_column_div av-zero-column-padding  '     ><section  class='av_textblock_section av-k2steplz-232aecaf8d4f5f372038149880cd212e '   itemscope=\"itemscope\" itemtype=\"https:\/\/schema.org\/CreativeWork\" ><div class='avia_textblock'  itemprop=\"text\" ><h1>B\u00c4UME<\/h1>\n<\/div><\/section><\/div>\n\n<style type=\"text\/css\" data-created_by=\"avia_inline_auto\" id=\"style-css-av-2lgv9b-12134f4e0873e1a5eb11e6253391ca85\">\n.flex_column.av-2lgv9b-12134f4e0873e1a5eb11e6253391ca85{\nborder-radius:0px 0px 0px 0px;\npadding:0px 0px 0px 0px;\n}\n<\/style>\n<div  class='flex_column av-2lgv9b-12134f4e0873e1a5eb11e6253391ca85 av_one_full  avia-builder-el-2  el_after_av_one_full  el_before_av_one_full  first flex_column_div av-zero-column-padding  column-top-margin'     ><style type=\"text\/css\" data-created_by=\"avia_inline_auto\" id=\"style-css-av-k2stm6ou-b0810f9adc7f14ca027f77753d870482\">\n.av-horizontal-gallery.av-k2stm6ou-b0810f9adc7f14ca027f77753d870482 .av-horizontal-gallery-inner{\npadding-bottom:25%;\n}\n<\/style>\n<div  class='av-horizontal-gallery av-k2stm6ou-b0810f9adc7f14ca027f77753d870482 av-horizontal-gallery-large-gap av-horizontal-gallery--effect  avia-builder-el-3  avia-builder-el-no-sibling  av-slideshow-ui av-control-hidden av-no-slider-navigation av-hide-nav-arrows av-slideshow-manual av-loop-once av-loop-manual-endless av-horizontal-gallery-1' data-slideshow-data=\"{&quot;animation&quot;:&quot;slide&quot;,&quot;autoplay&quot;:false,&quot;loop_autoplay&quot;:&quot;once&quot;,&quot;interval&quot;:5,&quot;loop_manual&quot;:&quot;manual-endless&quot;,&quot;autoplay_stopper&quot;:false,&quot;noNavigation&quot;:true,&quot;bg_slider&quot;:false,&quot;keep_padding&quot;:&quot;&quot;,&quot;hoverpause&quot;:false,&quot;show_slide_delay&quot;:0}\"  itemprop=\"image\" itemscope=\"itemscope\" itemtype=\"https:\/\/schema.org\/ImageObject\" ><div class='av-horizontal-gallery-inner' data-av-height='25'><div class=\"av-horizontal-gallery-slider\"><div class=\"av-horizontal-gallery-wrap noHover\"><img decoding=\"async\" loading=\"lazy\" class='wp-image-3305 avia-img-lazy-loading-3305 av-horizontal-gallery-img' width=\"1030\" height=\"637\" src=\"https:\/\/www.qnstort.at\/de\/wp-content\/uploads\/2020\/03\/Hofmeister_Werner_Baum-1030x637.jpg\" title='Hofmeister_Werner_Baum' alt='' srcset=\"https:\/\/www.qnstort.at\/de\/wp-content\/uploads\/2020\/03\/Hofmeister_Werner_Baum-1030x637.jpg 1030w, https:\/\/www.qnstort.at\/de\/wp-content\/uploads\/2020\/03\/Hofmeister_Werner_Baum-300x186.jpg 300w, https:\/\/www.qnstort.at\/de\/wp-content\/uploads\/2020\/03\/Hofmeister_Werner_Baum-768x475.jpg 768w, https:\/\/www.qnstort.at\/de\/wp-content\/uploads\/2020\/03\/Hofmeister_Werner_Baum-1536x950.jpg 1536w, https:\/\/www.qnstort.at\/de\/wp-content\/uploads\/2020\/03\/Hofmeister_Werner_Baum-1500x928.jpg 1500w, https:\/\/www.qnstort.at\/de\/wp-content\/uploads\/2020\/03\/Hofmeister_Werner_Baum-705x436.jpg 705w, https:\/\/www.qnstort.at\/de\/wp-content\/uploads\/2020\/03\/Hofmeister_Werner_Baum-450x278.jpg 450w, https:\/\/www.qnstort.at\/de\/wp-content\/uploads\/2020\/03\/Hofmeister_Werner_Baum.jpg 2000w\" sizes=\"auto, (max-width: 1030px) 100vw, 1030px\" \/><a href=\"https:\/\/www.qnstort.at\/de\/wp-content\/uploads\/2020\/03\/Hofmeister_Werner_Baum-1030x637.jpg\" data-srcset=\"https:\/\/www.qnstort.at\/de\/wp-content\/uploads\/2020\/03\/Hofmeister_Werner_Baum-1030x637.jpg 1030w, https:\/\/www.qnstort.at\/de\/wp-content\/uploads\/2020\/03\/Hofmeister_Werner_Baum-300x186.jpg 300w, https:\/\/www.qnstort.at\/de\/wp-content\/uploads\/2020\/03\/Hofmeister_Werner_Baum-768x475.jpg 768w, https:\/\/www.qnstort.at\/de\/wp-content\/uploads\/2020\/03\/Hofmeister_Werner_Baum-1536x950.jpg 1536w, https:\/\/www.qnstort.at\/de\/wp-content\/uploads\/2020\/03\/Hofmeister_Werner_Baum-1500x928.jpg 1500w, https:\/\/www.qnstort.at\/de\/wp-content\/uploads\/2020\/03\/Hofmeister_Werner_Baum-705x436.jpg 705w, https:\/\/www.qnstort.at\/de\/wp-content\/uploads\/2020\/03\/Hofmeister_Werner_Baum-450x278.jpg 450w, https:\/\/www.qnstort.at\/de\/wp-content\/uploads\/2020\/03\/Hofmeister_Werner_Baum.jpg 2000w\" data-sizes=\"(max-width: 1030px) 100vw, 1030px\" class='av-horizontal-gallery-link avia-svg-icon avia-font-svg_entypo-fontello' data-av_svg_icon='resize-full' data-av_iconset='svg_entypo-fontello' title='' alt='' aria-label='Open image in lightbox: Hofmeister_Werner_Baum'><svg version=\"1.1\" xmlns=\"http:\/\/www.w3.org\/2000\/svg\" width=\"25\" height=\"32\" viewBox=\"0 0 25 32\" preserveAspectRatio=\"xMidYMid meet\" aria-labelledby='av-svg-title-1' aria-describedby='av-svg-desc-1' role=\"graphics-symbol\" aria-hidden=\"true\">\n<title id='av-svg-title-1'>Open image in lightbox: Hofmeister_Werner_Baum<\/title>\n<desc id='av-svg-desc-1'>Open image in lightbox: Hofmeister_Werner_Baum<\/desc>\n<path d=\"M15.232 3.328h10.112v10.112l-3.2-3.968-4.672 4.864-3.2-3.2 4.864-4.672zM7.872 17.536l3.2 3.2-4.864 4.672 3.904 3.2h-10.112v-10.112l3.2 3.904z\"><\/path>\n<\/svg><\/a><\/div><\/div><\/div><\/div><\/div>\n<style type=\"text\/css\" data-created_by=\"avia_inline_auto\" id=\"style-css-av-2d5vdb-515e39eccb56d3d463feb83407eb32bf\">\n.flex_column.av-2d5vdb-515e39eccb56d3d463feb83407eb32bf{\nborder-radius:0px 0px 0px 0px;\npadding:0px 0px 0px 0px;\n}\n<\/style>\n<div  class='flex_column av-2d5vdb-515e39eccb56d3d463feb83407eb32bf av_one_full  avia-builder-el-4  el_after_av_one_full  el_before_av_two_third  first flex_column_div av-zero-column-padding  column-top-margin'     ><section  class='av_textblock_section av-k2q2g7we-588907a6ab087a74f4de4a4dc2b1cc02 '   itemscope=\"itemscope\" itemtype=\"https:\/\/schema.org\/CreativeWork\" ><div class='avia_textblock'  itemprop=\"text\" ><p style=\"text-align: right;\">Winter 2019<\/p>\n<\/div><\/section><\/div><\/p>\n\n<style type=\"text\/css\" data-created_by=\"avia_inline_auto\" id=\"style-css-av-2d5vdb-515e39eccb56d3d463feb83407eb32bf\">\n.flex_column.av-2d5vdb-515e39eccb56d3d463feb83407eb32bf{\nborder-radius:0px 0px 0px 0px;\npadding:0px 0px 0px 0px;\n}\n<\/style>\n<div  class='flex_column av-2d5vdb-515e39eccb56d3d463feb83407eb32bf av_two_third  avia-builder-el-6  el_after_av_one_full  avia-builder-el-last  first flex_column_div av-zero-column-padding  column-top-margin'     ><section  class='av_textblock_section av-k2q2g7we-588907a6ab087a74f4de4a4dc2b1cc02 '   itemscope=\"itemscope\" itemtype=\"https:\/\/schema.org\/CreativeWork\" ><div class='avia_textblock'  itemprop=\"text\" ><h1>\u00dcber der Baumgrenze<\/h1>\n<p><strong>Hubert Matt<\/strong><br \/>\nF\u00fcr Werner Hofmeister<\/p>\n<p>Wo die B\u00e4ume nicht mehr in den Himmel wachsen, ja wo sie gar nicht mehr da sind. Wo maximal Latschen sich dem Unebenen beugen und dem Wind. Wo die Waldgrenze, sprich die Versammlung von B\u00e4umen schon l\u00e4ngst hinter uns liegt. Wo nur noch Wolken Schatten spenden k\u00f6nnen oder gro\u00dfe Steine. Wo bauen hier V\u00f6gel ihre Nester, wo sammeln Frierende das Holz f\u00fcr das Feuer? Wo B\u00e4ume nur noch Erinnerungen sind, ihre Form als Bild erscheint, besetzt und gebaut aus anderen Bildern, anderen Zeichen. Wo Bl\u00e4tter und Laub sich bildet aus dem Gestammel von Signaturen. Wohingegen der Fels oder das Eis den Gr\u00e4sern und kleinem Gestr\u00fcpp noch etwas Platz l\u00e4sst.<\/p>\n<p>Dort gibt es kein Verstecken mehr. Kein Verkriechen \u2013 au\u00dfer in Erdl\u00f6chern oder Felsnischen.<\/p>\n<p>Da wird die Luft auch langsam d\u00fcnner. Der Atem verlangsamt sich. Dagegen nimmt die Aussicht zu, der \u00dcberblick. Vielleicht auch die Konzentration.<\/p>\n<p>Wo war nochmals der letzte Baum, sehe ich ihn noch? Da vorne, da steht einer, ehern, eisern, holzlos, dem Wind trotzend. Als h\u00e4tte er sich davongeschlichen, als h\u00e4tte er die Bl\u00e4tter abgesch\u00fcttelt und anderes Beiwerk seinem Ge\u00e4st zutragen lassen.<\/p>\n<p>Hofmeisters B\u00e4ume sind was sie ihrem Namen nach sind, ihrer Form wegen. Ihr Material, Stahl best\u00e4tigt ihren Status nicht. Ihr Laubwerk sind Symbole, Zeichen. Ihr Laubwerk wird nicht abgeworfen, ihr Stamm vermodert nicht. Das Laubwerk der B\u00e4ume Ihre Form ist symmetrisch \u2013 konstruiert, nicht gewachsen -, ihr Volumen nur \u00fcber zwei Achsen angedeutet, es gibt nur die Schnitte durch die Volumen. Die B\u00e4ume sind gleichsam eingefroren, sie wachsen nicht mehr, sie verenden aber auch nicht. Sie gleichen den Monstranzen im Werk von Hofmeister. Damit ist eine Verbindung der Rahmung des Heiligen (einer jedweden Kultur) in ihrer Form zu den B\u00e4umen hergestellt. Die Symbole \u2013 von Alltagszeichen bis zu mythischen oder religi\u00f6sen Zeichen \u2013 sind geh\u00e4uft. Sie kommen ins Vielfache. Sie reihen sich auf, bilden eine Form \u2013 eine Baumkrone eben. Diese Vervielfachung der Zeichen ist das, was Sprache erst erm\u00f6glicht, ebenso ihre Reihung. Die Krone ist aber keine lineare Reihung, es ist eine in der Fl\u00e4che. Die Wiederholung von Zeichen, ihre Reihung vollziehen wir f\u00fcr gew\u00f6hnlich mit unterschiedlichen Zeichen. Wir reihen im Alltag nicht viele A\u2019s hintereinander: AAAA oder L\u2019s: LLLL oder Striche. Wir w\u00fcrden ALL etwa schreiben und damit einen \u201eSinn\u201c produzieren, nicht AALLLALLAA. Die H\u00e4ufungen in der Fl\u00e4che und nicht auf einer Linie sind ein Gestus nicht der Schrift, sondern des Bildes und des Ornaments. H\u00e4ufung, Wiederholung, Kombinatorik (unterschiedlicher Zeichen), das sind die Gesten Hofmeisters, allerdings ohne einen Sinn oder eine Botschaft zu produzieren und ohne die Linearit\u00e4t der Schrift zu unterst\u00fctzen. Vielmehr gehen die Schriftzeichen oder schrift\u00e4hnlichen Zeichen (Was Piktogramme sind) zur\u00fcck ins Bild, in die Fl\u00e4che. Zwei Fl\u00e4chen im Winkel von 90\u00b0 angeordnet, erzeugen einen Raum, ein Volumen, der sich in der frontalen Sicht zur Fl\u00e4che aufl\u00f6st. Es ist also ein Spiel inszeniert zwischen Fl\u00e4che und Volumen, zwischen H\u00e4ufung von Zeichen und deren Aufl\u00f6sung, zwischen Anordnung und Unordnung. Wenn wir ein Wort sehr oft hintereinander aussprechen, beginnt es seinen Sinn zu verlieren. Dieses Spiel er\u00f6ffnet das Spiel der Zeichen, mithin auch jenes von Fl\u00e4che und Raum.<\/p>\n<p>\u00dcber der Baumgrenze wird somit zu einem Raum der Aufl\u00f6sung und zugleich der Einl\u00f6sung von Bild-Zeichen. Der Sinn der Zeichen, der Sprache, ist nicht ihre Sinnproduktion, ihr Sinn ist das Spiel mit der Welt, das Spiel der Welt. Jenseits der Aussagegrenze (Baumgrenze), siedelt sich die Kunst an, taucht auf aus dem Nebel und manifestiert sich in Andeutungen von Formen unterhalb der Grenze. Die Photosynthese \u2013 welche das Laub realer B\u00e4ume vollzieht \u2013 wird als Prozess zur Erzeugung von energiereichen Biomolek\u00fclen aus energie\u00e4rmeren Stoffen mithilfe von Lichtenergie beschrieben. Was Bl\u00e4tter k\u00f6nnen, kann auch Kunst: Energetische Verschiebung, jenseits des Waldes, sprich der Alltagssprache (Auch hier geht mitunter der Mischwald in eine Monokultur \u00fcber.) und dar\u00fcber hinaus, jenseits des einzelnen Satzes oder Bildes, also \u00fcber der Grenze des Sag- und Zeigbaren \u2013 wie Wittgenstein es vielleicht formulieren w\u00fcrde.<\/p>\n<p>Hofmeisters B\u00e4ume sind Huldigungen an die B\u00e4ume, die Sprache und das Bild. Die Bildhaftigkeit der Schrift und die Schriftlichkeit des Bildes, der Wechsel von Fl\u00e4che und Raum, die Andeutung des je anderen: das sind die k\u00fcnstlerischen Grenzen des Waldg\u00e4ngers und Wanderers jenseits der Baumgrenzen, jene von Hofmeister.<\/p>\n<\/div><\/section><\/div>\n","protected":false},"excerpt":{"rendered":"","protected":false},"author":1,"featured_media":0,"parent":0,"menu_order":0,"comment_status":"closed","ping_status":"closed","template":"","meta":{"footnotes":""},"class_list":["post-3299","page","type-page","status-publish","hentry"],"_links":{"self":[{"href":"https:\/\/www.qnstort.at\/de\/wp-json\/wp\/v2\/pages\/3299","targetHints":{"allow":["GET"]}}],"collection":[{"href":"https:\/\/www.qnstort.at\/de\/wp-json\/wp\/v2\/pages"}],"about":[{"href":"https:\/\/www.qnstort.at\/de\/wp-json\/wp\/v2\/types\/page"}],"author":[{"embeddable":true,"href":"https:\/\/www.qnstort.at\/de\/wp-json\/wp\/v2\/users\/1"}],"replies":[{"embeddable":true,"href":"https:\/\/www.qnstort.at\/de\/wp-json\/wp\/v2\/comments?post=3299"}],"version-history":[{"count":7,"href":"https:\/\/www.qnstort.at\/de\/wp-json\/wp\/v2\/pages\/3299\/revisions"}],"predecessor-version":[{"id":3303,"href":"https:\/\/www.qnstort.at\/de\/wp-json\/wp\/v2\/pages\/3299\/revisions\/3303"}],"wp:attachment":[{"href":"https:\/\/www.qnstort.at\/de\/wp-json\/wp\/v2\/media?parent=3299"}],"curies":[{"name":"wp","href":"https:\/\/api.w.org\/{rel}","templated":true}]}}