{"id":3505,"date":"2020-03-26T09:56:47","date_gmt":"2020-03-26T08:56:47","guid":{"rendered":"http:\/\/www.qnstort.at\/de\/?page_id=3505"},"modified":"2020-04-16T11:58:35","modified_gmt":"2020-04-16T09:58:35","slug":"pforte","status":"publish","type":"page","link":"https:\/\/www.qnstort.at\/de\/pforte\/","title":{"rendered":"Pforte der Barmherzigkeit"},"content":{"rendered":"\n<style type=\"text\/css\" data-created_by=\"avia_inline_auto\" id=\"style-css-av-8vfm9-bbc8b1e21983da20e7fb9350e6c93c80\">\n.flex_column.av-8vfm9-bbc8b1e21983da20e7fb9350e6c93c80{\nborder-radius:0px 0px 0px 0px;\npadding:0px 0px 0px 0px;\n}\n<\/style>\n<div  class='flex_column av-8vfm9-bbc8b1e21983da20e7fb9350e6c93c80 av_one_full  avia-builder-el-0  el_before_av_one_full  avia-builder-el-first  first flex_column_div av-zero-column-padding  '     ><section  class='av_textblock_section av-k88iw2nv-d38cfb6eb4937082f43f59ca40922ee7 '   itemscope=\"itemscope\" itemtype=\"https:\/\/schema.org\/CreativeWork\" ><div class='avia_textblock'  itemprop=\"text\" ><h1>Pforte der Barmherzigkeit<\/h1>\n<\/div><\/section><\/div>\n<style type=\"text\/css\" data-created_by=\"avia_inline_auto\" id=\"style-css-av-zj0x-861bb044d26d90c4b6212bb5cf2d5864\">\n.flex_column.av-zj0x-861bb044d26d90c4b6212bb5cf2d5864{\nborder-radius:0px 0px 0px 0px;\npadding:0px 0px 0px 0px;\n}\n<\/style>\n<div  class='flex_column av-zj0x-861bb044d26d90c4b6212bb5cf2d5864 av_one_full  avia-builder-el-2  el_after_av_one_full  el_before_av_one_full  first flex_column_div av-zero-column-padding  column-top-margin'     ><style type=\"text\/css\" data-created_by=\"avia_inline_auto\" id=\"style-css-av-k88j7y14-f7e0165e8ec40e95f3c336bb98009bd5\">\n.av-horizontal-gallery.av-k88j7y14-f7e0165e8ec40e95f3c336bb98009bd5{\npadding:3.75% 0px;;\n}\n.av-horizontal-gallery.av-k88j7y14-f7e0165e8ec40e95f3c336bb98009bd5 .av-horizontal-gallery-inner{\npadding-bottom:25%;\n}\n<\/style>\n<div  class='av-horizontal-gallery av-k88j7y14-f7e0165e8ec40e95f3c336bb98009bd5 av-horizontal-gallery-large-gap av-horizontal-gallery-enlarge-effect  avia-builder-el-3  avia-builder-el-no-sibling  av-slideshow-ui av-control-default av-slideshow-manual av-loop-once av-loop-manual-endless av-horizontal-gallery-1' data-slideshow-data=\"{&quot;enlarge&quot;:1.3,&quot;animation&quot;:&quot;slide&quot;,&quot;autoplay&quot;:false,&quot;loop_autoplay&quot;:&quot;once&quot;,&quot;interval&quot;:5,&quot;loop_manual&quot;:&quot;manual-endless&quot;,&quot;autoplay_stopper&quot;:false,&quot;noNavigation&quot;:false,&quot;bg_slider&quot;:false,&quot;keep_padding&quot;:&quot;&quot;,&quot;hoverpause&quot;:false,&quot;show_slide_delay&quot;:0}\"  itemprop=\"image\" itemscope=\"itemscope\" itemtype=\"https:\/\/schema.org\/ImageObject\" ><div class='avia-slideshow-arrows avia-slideshow-controls' ><a href='#prev' class='prev-slide av-horizontal-gallery-prev avia-svg-icon avia-font-svg_entypo-fontello' data-av_svg_icon='left-open-big' data-av_iconset='svg_entypo-fontello' tabindex='-1' title=\"Zur\u00fcck\"><svg version=\"1.1\" xmlns=\"http:\/\/www.w3.org\/2000\/svg\" width=\"15\" height=\"32\" viewBox=\"0 0 15 32\" preserveAspectRatio=\"xMidYMid meet\" aria-labelledby='av-svg-title-1' aria-describedby='av-svg-desc-1' role=\"graphics-symbol\" aria-hidden=\"true\">\n<title id='av-svg-title-1'>Zur\u00fcck<\/title>\n<desc id='av-svg-desc-1'>Zur\u00fcck<\/desc>\n<path d=\"M14.464 27.84q0.832 0.832 0 1.536-0.832 0.832-1.536 0l-12.544-12.608q-0.768-0.768 0-1.6l12.544-12.608q0.704-0.832 1.536 0 0.832 0.704 0 1.536l-11.456 11.904z\"><\/path>\n<\/svg><span class='avia_hidden_link_text'>Zur\u00fcck<\/span><\/a><a href='#next' class='next-slide av-horizontal-gallery-next avia-svg-icon avia-font-svg_entypo-fontello' data-av_svg_icon='right-open-big' data-av_iconset='svg_entypo-fontello' tabindex='-1' title=\"Weiter\"><svg version=\"1.1\" xmlns=\"http:\/\/www.w3.org\/2000\/svg\" width=\"15\" height=\"32\" viewBox=\"0 0 15 32\" preserveAspectRatio=\"xMidYMid meet\" aria-labelledby='av-svg-title-2' aria-describedby='av-svg-desc-2' role=\"graphics-symbol\" aria-hidden=\"true\">\n<title id='av-svg-title-2'>Weiter<\/title>\n<desc id='av-svg-desc-2'>Weiter<\/desc>\n<path d=\"M0.416 27.84l11.456-11.84-11.456-11.904q-0.832-0.832 0-1.536 0.832-0.832 1.536 0l12.544 12.608q0.768 0.832 0 1.6l-12.544 12.608q-0.704 0.832-1.536 0-0.832-0.704 0-1.536z\"><\/path>\n<\/svg><span class='avia_hidden_link_text'>Weiter<\/span><\/a><\/div><div class='avia-slideshow-dots avia-slideshow-controls av-horizontal-gallery-dots fade-in'><a href='#1' class='goto-slide active' >1<\/a><a href='#2' class='goto-slide ' >2<\/a><a href='#3' class='goto-slide ' >3<\/a><\/div><div class='av-horizontal-gallery-inner' data-av-height='25'><div class=\"av-horizontal-gallery-slider\"><div class=\"av-horizontal-gallery-wrap noHover\"><img decoding=\"async\" loading=\"lazy\" class='wp-image-3511 avia-img-lazy-loading-3511 av-horizontal-gallery-img' width=\"1030\" height=\"686\" src=\"https:\/\/www.qnstort.at\/de\/wp-content\/uploads\/2020\/03\/Hofmeister_Durchgang-1030x686.jpg\" title='Hofmeister_Durchgang' alt='' srcset=\"https:\/\/www.qnstort.at\/de\/wp-content\/uploads\/2020\/03\/Hofmeister_Durchgang-1030x686.jpg 1030w, https:\/\/www.qnstort.at\/de\/wp-content\/uploads\/2020\/03\/Hofmeister_Durchgang-300x200.jpg 300w, https:\/\/www.qnstort.at\/de\/wp-content\/uploads\/2020\/03\/Hofmeister_Durchgang-768x512.jpg 768w, https:\/\/www.qnstort.at\/de\/wp-content\/uploads\/2020\/03\/Hofmeister_Durchgang-1536x1024.jpg 1536w, https:\/\/www.qnstort.at\/de\/wp-content\/uploads\/2020\/03\/Hofmeister_Durchgang-1500x1000.jpg 1500w, https:\/\/www.qnstort.at\/de\/wp-content\/uploads\/2020\/03\/Hofmeister_Durchgang-705x470.jpg 705w, https:\/\/www.qnstort.at\/de\/wp-content\/uploads\/2020\/03\/Hofmeister_Durchgang-450x300.jpg 450w, https:\/\/www.qnstort.at\/de\/wp-content\/uploads\/2020\/03\/Hofmeister_Durchgang.jpg 2000w\" sizes=\"auto, (max-width: 1030px) 100vw, 1030px\" \/><a href=\"https:\/\/www.qnstort.at\/de\/wp-content\/uploads\/2020\/03\/Hofmeister_Durchgang-1030x686.jpg\" data-srcset=\"https:\/\/www.qnstort.at\/de\/wp-content\/uploads\/2020\/03\/Hofmeister_Durchgang-1030x686.jpg 1030w, https:\/\/www.qnstort.at\/de\/wp-content\/uploads\/2020\/03\/Hofmeister_Durchgang-300x200.jpg 300w, https:\/\/www.qnstort.at\/de\/wp-content\/uploads\/2020\/03\/Hofmeister_Durchgang-768x512.jpg 768w, https:\/\/www.qnstort.at\/de\/wp-content\/uploads\/2020\/03\/Hofmeister_Durchgang-1536x1024.jpg 1536w, https:\/\/www.qnstort.at\/de\/wp-content\/uploads\/2020\/03\/Hofmeister_Durchgang-1500x1000.jpg 1500w, https:\/\/www.qnstort.at\/de\/wp-content\/uploads\/2020\/03\/Hofmeister_Durchgang-705x470.jpg 705w, https:\/\/www.qnstort.at\/de\/wp-content\/uploads\/2020\/03\/Hofmeister_Durchgang-450x300.jpg 450w, https:\/\/www.qnstort.at\/de\/wp-content\/uploads\/2020\/03\/Hofmeister_Durchgang.jpg 2000w\" data-sizes=\"(max-width: 1030px) 100vw, 1030px\" class='av-horizontal-gallery-link avia-svg-icon avia-font-svg_entypo-fontello' data-av_svg_icon='resize-full' data-av_iconset='svg_entypo-fontello' title='' alt='' aria-label='Open image in lightbox: Hofmeister_Durchgang'><svg version=\"1.1\" xmlns=\"http:\/\/www.w3.org\/2000\/svg\" width=\"25\" height=\"32\" viewBox=\"0 0 25 32\" preserveAspectRatio=\"xMidYMid meet\" aria-labelledby='av-svg-title-3' aria-describedby='av-svg-desc-3' role=\"graphics-symbol\" aria-hidden=\"true\">\n<title id='av-svg-title-3'>Open image in lightbox: Hofmeister_Durchgang<\/title>\n<desc id='av-svg-desc-3'>Open image in lightbox: Hofmeister_Durchgang<\/desc>\n<path d=\"M15.232 3.328h10.112v10.112l-3.2-3.968-4.672 4.864-3.2-3.2 4.864-4.672zM7.872 17.536l3.2 3.2-4.864 4.672 3.904 3.2h-10.112v-10.112l3.2 3.904z\"><\/path>\n<\/svg><\/a><\/div><div class=\"av-horizontal-gallery-wrap noHover\"><img decoding=\"async\" loading=\"lazy\" class='wp-image-3513 avia-img-lazy-loading-3513 av-horizontal-gallery-img' width=\"1030\" height=\"686\" src=\"https:\/\/www.qnstort.at\/de\/wp-content\/uploads\/2020\/03\/Hofmeister_Durchgang_2-1030x686.jpg\" title='Hofmeister_Durchgang_2' alt='' srcset=\"https:\/\/www.qnstort.at\/de\/wp-content\/uploads\/2020\/03\/Hofmeister_Durchgang_2-1030x686.jpg 1030w, https:\/\/www.qnstort.at\/de\/wp-content\/uploads\/2020\/03\/Hofmeister_Durchgang_2-300x200.jpg 300w, https:\/\/www.qnstort.at\/de\/wp-content\/uploads\/2020\/03\/Hofmeister_Durchgang_2-768x512.jpg 768w, https:\/\/www.qnstort.at\/de\/wp-content\/uploads\/2020\/03\/Hofmeister_Durchgang_2-1536x1024.jpg 1536w, https:\/\/www.qnstort.at\/de\/wp-content\/uploads\/2020\/03\/Hofmeister_Durchgang_2-1500x1000.jpg 1500w, https:\/\/www.qnstort.at\/de\/wp-content\/uploads\/2020\/03\/Hofmeister_Durchgang_2-705x470.jpg 705w, https:\/\/www.qnstort.at\/de\/wp-content\/uploads\/2020\/03\/Hofmeister_Durchgang_2-450x300.jpg 450w, https:\/\/www.qnstort.at\/de\/wp-content\/uploads\/2020\/03\/Hofmeister_Durchgang_2.jpg 2000w\" sizes=\"auto, (max-width: 1030px) 100vw, 1030px\" \/><a href=\"https:\/\/www.qnstort.at\/de\/wp-content\/uploads\/2020\/03\/Hofmeister_Durchgang_2-1030x686.jpg\" data-srcset=\"https:\/\/www.qnstort.at\/de\/wp-content\/uploads\/2020\/03\/Hofmeister_Durchgang_2-1030x686.jpg 1030w, https:\/\/www.qnstort.at\/de\/wp-content\/uploads\/2020\/03\/Hofmeister_Durchgang_2-300x200.jpg 300w, https:\/\/www.qnstort.at\/de\/wp-content\/uploads\/2020\/03\/Hofmeister_Durchgang_2-768x512.jpg 768w, https:\/\/www.qnstort.at\/de\/wp-content\/uploads\/2020\/03\/Hofmeister_Durchgang_2-1536x1024.jpg 1536w, https:\/\/www.qnstort.at\/de\/wp-content\/uploads\/2020\/03\/Hofmeister_Durchgang_2-1500x1000.jpg 1500w, https:\/\/www.qnstort.at\/de\/wp-content\/uploads\/2020\/03\/Hofmeister_Durchgang_2-705x470.jpg 705w, https:\/\/www.qnstort.at\/de\/wp-content\/uploads\/2020\/03\/Hofmeister_Durchgang_2-450x300.jpg 450w, https:\/\/www.qnstort.at\/de\/wp-content\/uploads\/2020\/03\/Hofmeister_Durchgang_2.jpg 2000w\" data-sizes=\"(max-width: 1030px) 100vw, 1030px\" class='av-horizontal-gallery-link avia-svg-icon avia-font-svg_entypo-fontello' data-av_svg_icon='resize-full' data-av_iconset='svg_entypo-fontello' title='' alt='' aria-label='Open image in lightbox: Hofmeister_Durchgang_2'><svg version=\"1.1\" xmlns=\"http:\/\/www.w3.org\/2000\/svg\" width=\"25\" height=\"32\" viewBox=\"0 0 25 32\" preserveAspectRatio=\"xMidYMid meet\" aria-labelledby='av-svg-title-4' aria-describedby='av-svg-desc-4' role=\"graphics-symbol\" aria-hidden=\"true\">\n<title id='av-svg-title-4'>Open image in lightbox: Hofmeister_Durchgang_2<\/title>\n<desc id='av-svg-desc-4'>Open image in lightbox: Hofmeister_Durchgang_2<\/desc>\n<path d=\"M15.232 3.328h10.112v10.112l-3.2-3.968-4.672 4.864-3.2-3.2 4.864-4.672zM7.872 17.536l3.2 3.2-4.864 4.672 3.904 3.2h-10.112v-10.112l3.2 3.904z\"><\/path>\n<\/svg><\/a><\/div><div class=\"av-horizontal-gallery-wrap noHover\"><img decoding=\"async\" loading=\"lazy\" class='wp-image-3515 avia-img-lazy-loading-3515 av-horizontal-gallery-img' width=\"1030\" height=\"659\" src=\"https:\/\/www.qnstort.at\/de\/wp-content\/uploads\/2020\/03\/Hofmeister_Durchgang_3-1030x659.jpg\" title='Hofmeister_Durchgang_3' alt='' srcset=\"https:\/\/www.qnstort.at\/de\/wp-content\/uploads\/2020\/03\/Hofmeister_Durchgang_3-1030x659.jpg 1030w, https:\/\/www.qnstort.at\/de\/wp-content\/uploads\/2020\/03\/Hofmeister_Durchgang_3-300x192.jpg 300w, https:\/\/www.qnstort.at\/de\/wp-content\/uploads\/2020\/03\/Hofmeister_Durchgang_3-768x491.jpg 768w, https:\/\/www.qnstort.at\/de\/wp-content\/uploads\/2020\/03\/Hofmeister_Durchgang_3-1536x982.jpg 1536w, https:\/\/www.qnstort.at\/de\/wp-content\/uploads\/2020\/03\/Hofmeister_Durchgang_3-1500x959.jpg 1500w, https:\/\/www.qnstort.at\/de\/wp-content\/uploads\/2020\/03\/Hofmeister_Durchgang_3-705x451.jpg 705w, https:\/\/www.qnstort.at\/de\/wp-content\/uploads\/2020\/03\/Hofmeister_Durchgang_3-450x288.jpg 450w, https:\/\/www.qnstort.at\/de\/wp-content\/uploads\/2020\/03\/Hofmeister_Durchgang_3.jpg 2000w\" sizes=\"auto, (max-width: 1030px) 100vw, 1030px\" \/><a href=\"https:\/\/www.qnstort.at\/de\/wp-content\/uploads\/2020\/03\/Hofmeister_Durchgang_3-1030x659.jpg\" data-srcset=\"https:\/\/www.qnstort.at\/de\/wp-content\/uploads\/2020\/03\/Hofmeister_Durchgang_3-1030x659.jpg 1030w, https:\/\/www.qnstort.at\/de\/wp-content\/uploads\/2020\/03\/Hofmeister_Durchgang_3-300x192.jpg 300w, https:\/\/www.qnstort.at\/de\/wp-content\/uploads\/2020\/03\/Hofmeister_Durchgang_3-768x491.jpg 768w, https:\/\/www.qnstort.at\/de\/wp-content\/uploads\/2020\/03\/Hofmeister_Durchgang_3-1536x982.jpg 1536w, https:\/\/www.qnstort.at\/de\/wp-content\/uploads\/2020\/03\/Hofmeister_Durchgang_3-1500x959.jpg 1500w, https:\/\/www.qnstort.at\/de\/wp-content\/uploads\/2020\/03\/Hofmeister_Durchgang_3-705x451.jpg 705w, https:\/\/www.qnstort.at\/de\/wp-content\/uploads\/2020\/03\/Hofmeister_Durchgang_3-450x288.jpg 450w, https:\/\/www.qnstort.at\/de\/wp-content\/uploads\/2020\/03\/Hofmeister_Durchgang_3.jpg 2000w\" data-sizes=\"(max-width: 1030px) 100vw, 1030px\" class='av-horizontal-gallery-link avia-svg-icon avia-font-svg_entypo-fontello' data-av_svg_icon='resize-full' data-av_iconset='svg_entypo-fontello' title='' alt='' aria-label='Open image in lightbox: Hofmeister_Durchgang_3'><svg version=\"1.1\" xmlns=\"http:\/\/www.w3.org\/2000\/svg\" width=\"25\" height=\"32\" viewBox=\"0 0 25 32\" preserveAspectRatio=\"xMidYMid meet\" aria-labelledby='av-svg-title-5' aria-describedby='av-svg-desc-5' role=\"graphics-symbol\" aria-hidden=\"true\">\n<title id='av-svg-title-5'>Open image in lightbox: Hofmeister_Durchgang_3<\/title>\n<desc id='av-svg-desc-5'>Open image in lightbox: Hofmeister_Durchgang_3<\/desc>\n<path d=\"M15.232 3.328h10.112v10.112l-3.2-3.968-4.672 4.864-3.2-3.2 4.864-4.672zM7.872 17.536l3.2 3.2-4.864 4.672 3.904 3.2h-10.112v-10.112l3.2 3.904z\"><\/path>\n<\/svg><\/a><\/div><\/div><\/div><\/div><\/div><\/p>\n\n<style type=\"text\/css\" data-created_by=\"avia_inline_auto\" id=\"style-css-av-8vfm9-bbc8b1e21983da20e7fb9350e6c93c80\">\n.flex_column.av-8vfm9-bbc8b1e21983da20e7fb9350e6c93c80{\nborder-radius:0px 0px 0px 0px;\npadding:0px 0px 0px 0px;\n}\n<\/style>\n<div  class='flex_column av-8vfm9-bbc8b1e21983da20e7fb9350e6c93c80 av_one_full  avia-builder-el-4  el_after_av_one_full  el_before_av_two_third  first flex_column_div av-zero-column-padding  column-top-margin'     ><section  class='av_textblock_section av-k88iw2nv-d38cfb6eb4937082f43f59ca40922ee7 '   itemscope=\"itemscope\" itemtype=\"https:\/\/schema.org\/CreativeWork\" ><div class='avia_textblock'  itemprop=\"text\" ><p style=\"text-align: right;\">Dom zu Klagenfurt<br \/>\nKlagenfurt \/ \u00d6sterreich<br \/>\n2015<\/p>\n<\/div><\/section><\/div>\n\n<style type=\"text\/css\" data-created_by=\"avia_inline_auto\" id=\"style-css-av-8vfm9-bbc8b1e21983da20e7fb9350e6c93c80\">\n.flex_column.av-8vfm9-bbc8b1e21983da20e7fb9350e6c93c80{\nborder-radius:0px 0px 0px 0px;\npadding:0px 0px 0px 0px;\n}\n<\/style>\n<div  class='flex_column av-8vfm9-bbc8b1e21983da20e7fb9350e6c93c80 av_two_third  avia-builder-el-6  el_after_av_one_full  avia-builder-el-last  first flex_column_div av-zero-column-padding  column-top-margin'     ><section  class='av_textblock_section av-k88iw2nv-d38cfb6eb4937082f43f59ca40922ee7 '   itemscope=\"itemscope\" itemtype=\"https:\/\/schema.org\/CreativeWork\" ><div class='avia_textblock'  itemprop=\"text\" ><p style=\"text-align: left;\">Di\u00f6zesanbischof Dr. Alois Schwarz und Dompfarrer Dr. Peter Allmaier im Video-Interview \u00fcber die vom K\u00fcnstler Werner Hofmeister gestaltete &#8222;Pforte der Barmherzigkeit&#8220; vor dem Nordportal der Domkirche Klagenfurt: <a href=\"https:\/\/www.youtube.com\/watch?v=ZGITxeDIcWs\" target=\"_blank\" rel=\"noopener noreferrer\">https:\/\/www.youtube.com\/watch?v=ZGITxeDIcWs<\/a><\/p>\n<\/div><\/section><\/div>\n","protected":false},"excerpt":{"rendered":"","protected":false},"author":1,"featured_media":0,"parent":0,"menu_order":0,"comment_status":"closed","ping_status":"closed","template":"","meta":{"footnotes":""},"class_list":["post-3505","page","type-page","status-publish","hentry"],"_links":{"self":[{"href":"https:\/\/www.qnstort.at\/de\/wp-json\/wp\/v2\/pages\/3505","targetHints":{"allow":["GET"]}}],"collection":[{"href":"https:\/\/www.qnstort.at\/de\/wp-json\/wp\/v2\/pages"}],"about":[{"href":"https:\/\/www.qnstort.at\/de\/wp-json\/wp\/v2\/types\/page"}],"author":[{"embeddable":true,"href":"https:\/\/www.qnstort.at\/de\/wp-json\/wp\/v2\/users\/1"}],"replies":[{"embeddable":true,"href":"https:\/\/www.qnstort.at\/de\/wp-json\/wp\/v2\/comments?post=3505"}],"version-history":[{"count":9,"href":"https:\/\/www.qnstort.at\/de\/wp-json\/wp\/v2\/pages\/3505\/revisions"}],"predecessor-version":[{"id":3635,"href":"https:\/\/www.qnstort.at\/de\/wp-json\/wp\/v2\/pages\/3505\/revisions\/3635"}],"wp:attachment":[{"href":"https:\/\/www.qnstort.at\/de\/wp-json\/wp\/v2\/media?parent=3505"}],"curies":[{"name":"wp","href":"https:\/\/api.w.org\/{rel}","templated":true}]}}