{"id":45,"date":"2019-08-18T09:53:49","date_gmt":"2019-08-18T07:53:49","guid":{"rendered":"http:\/\/www.qnstort.at\/de\/?page_id=45"},"modified":"2025-07-25T10:19:51","modified_gmt":"2025-07-25T08:19:51","slug":"veranstaltungen","status":"publish","type":"page","link":"https:\/\/www.qnstort.at\/de\/veranstaltungen\/","title":{"rendered":"Veranstaltungen"},"content":{"rendered":"\n<style type=\"text\/css\" data-created_by=\"avia_inline_auto\" id=\"style-css-av-wt4p-a62159d244bc0c8c10ef716065df990a\">\n.flex_column.av-wt4p-a62159d244bc0c8c10ef716065df990a{\nborder-radius:0px 0px 0px 0px;\npadding:0px 0px 0px 0px;\n}\n<\/style>\n<div  class='flex_column av-wt4p-a62159d244bc0c8c10ef716065df990a av_one_full  avia-builder-el-0  el_before_av_hr  avia-builder-el-first  first flex_column_div av-zero-column-padding  '     ><section  class='av_textblock_section av-jzgod0gw-205f75b0bbb9f7553757174562cab062 '   itemscope=\"itemscope\" itemtype=\"https:\/\/schema.org\/CreativeWork\" ><div class='avia_textblock'  itemprop=\"text\" ><h1>Programm 2025<\/h1>\n<\/div><\/section><\/div>\n<div  class='hr av-11nwd-6ccfecb7b14be9a99abb0c3451d71fe3 hr-default  avia-builder-el-2  el_after_av_one_full  el_before_av_three_fifth '><span class='hr-inner '><span class=\"hr-inner-style\"><\/span><\/span><\/div>\n<div  class='flex_column av-2kf1h-2b6d7672d8cf2167118a78595f65f596 av_three_fifth  avia-builder-el-3  el_after_av_hr  el_before_av_two_fifth  first flex_column_div  '     ><section  class='av_textblock_section av-m1tfyz58-5d253b1d449def9e685a0909590d89df '   itemscope=\"itemscope\" itemtype=\"https:\/\/schema.org\/CreativeWork\" ><div class='avia_textblock'  itemprop=\"text\" ><h1>&#8222;Das Gesicht der Gesichter&#8220;<\/h1>\n<h3>Ausstellung von\u00a0Werner Hofmeister<\/h3>\n<p>und<\/p>\n<h3>Vortrag : &#8222;Das Gesicht der Gesichter&#8220;<br \/>\nvon Dr. Karl-Heinz Kronawetter<\/h3>\n<p><strong>am 29.8.2025 um 19h<\/strong><br \/>\n<strong>im Museum f\u00fcr Quellenkultur in Klein St. Paul<\/strong><\/p>\n<p>Im Werk von Werner Hofmeister spielt das \u201edoppelte Gesicht\u201c eine zentrale Rolle \u2013 inspiriert von einem archaischen Doppelkopf aus dem G\u00f6rtschitztal. Der Vortrag von Karl-Heinz Kronawetter sp\u00fcrt der Bedeutung des Gesichts in Kunst und Religion nach \u2013 von steinzeitlichen Bildnissen \u00fcber christliche Ikonen bis zu Hofmeisters \u00fcberstempelten Christusbildern. Ein Abend \u00fcber das Sehen, den Blick und die Kraft der Bilder. Dr. Karl-Heinz Kronawetter ist promovierter Theologe, Religionsp\u00e4dagoge und Online-Journalist.<\/p>\n<p>Anmeldung unter Tel.0699 10271051 oder <a href=\"mailto:hofmeister.werner@outlook.com\">hofmeister.werner@outlook.com<\/a><\/p>\n<\/div><\/section><\/div>\n<style type=\"text\/css\" data-created_by=\"avia_inline_auto\" id=\"style-css-av-1i2bx-3e87975f74ad42a1cff443c2b6a591bf\">\n.flex_column.av-1i2bx-3e87975f74ad42a1cff443c2b6a591bf{\npadding:10px 10px 10px 10px;\n}\n<\/style>\n<div  class='flex_column av-1i2bx-3e87975f74ad42a1cff443c2b6a591bf av_two_fifth  avia-builder-el-5  el_after_av_three_fifth  el_before_av_hr  flex_column_div  '     ><style type=\"text\/css\" data-created_by=\"avia_inline_auto\" id=\"style-css-av-lv45ev8s-acd317b38850effc0270e728276dacdb\">\n.avia-image-container.av-lv45ev8s-acd317b38850effc0270e728276dacdb img.avia_image{\nbox-shadow:none;\n}\n.avia-image-container.av-lv45ev8s-acd317b38850effc0270e728276dacdb .av-image-caption-overlay-center{\ncolor:#ffffff;\n}\n<\/style>\n<div  class='avia-image-container av-lv45ev8s-acd317b38850effc0270e728276dacdb av-styling- avia-align-center  avia-builder-el-6  avia-builder-el-no-sibling '   itemprop=\"image\" itemscope=\"itemscope\" itemtype=\"https:\/\/schema.org\/ImageObject\" ><div class=\"avia-image-container-inner\"><div class=\"avia-image-overlay-wrap\"><img decoding=\"async\" fetchpriority=\"high\" class='wp-image-5547 avia-img-lazy-loading-not-5547 avia_image ' src=\"https:\/\/www.qnstort.at\/de\/wp-content\/uploads\/2025\/07\/HOFMEISTER-Werner_CHRISTUSBILD-Foto-khkronawetter-736x1030.jpg\" alt='' title='HOFMEISTER-Werner_CHRISTUSBILD-Foto-khkronawetter'  height=\"1030\" width=\"736\"  itemprop=\"thumbnailUrl\" srcset=\"https:\/\/www.qnstort.at\/de\/wp-content\/uploads\/2025\/07\/HOFMEISTER-Werner_CHRISTUSBILD-Foto-khkronawetter-736x1030.jpg 736w, https:\/\/www.qnstort.at\/de\/wp-content\/uploads\/2025\/07\/HOFMEISTER-Werner_CHRISTUSBILD-Foto-khkronawetter-214x300.jpg 214w, https:\/\/www.qnstort.at\/de\/wp-content\/uploads\/2025\/07\/HOFMEISTER-Werner_CHRISTUSBILD-Foto-khkronawetter-768x1075.jpg 768w, https:\/\/www.qnstort.at\/de\/wp-content\/uploads\/2025\/07\/HOFMEISTER-Werner_CHRISTUSBILD-Foto-khkronawetter-1097x1536.jpg 1097w, https:\/\/www.qnstort.at\/de\/wp-content\/uploads\/2025\/07\/HOFMEISTER-Werner_CHRISTUSBILD-Foto-khkronawetter-1072x1500.jpg 1072w, https:\/\/www.qnstort.at\/de\/wp-content\/uploads\/2025\/07\/HOFMEISTER-Werner_CHRISTUSBILD-Foto-khkronawetter-504x705.jpg 504w, https:\/\/www.qnstort.at\/de\/wp-content\/uploads\/2025\/07\/HOFMEISTER-Werner_CHRISTUSBILD-Foto-khkronawetter.jpg 1429w\" sizes=\"(max-width: 736px) 100vw, 736px\" \/><\/div><\/div><\/div><\/div><\/p>\n<div  class='hr av-1y2y9-48ce5daa0ced55b9fb6a8327b1ccbe65 hr-default  avia-builder-el-7  el_after_av_two_fifth  el_before_av_three_fifth '><span class='hr-inner '><span class=\"hr-inner-style\"><\/span><\/span><\/div>\n\n<style type=\"text\/css\" data-created_by=\"avia_inline_auto\" id=\"style-css-av-2dmr1-97bab3aead8232ef8268d6b17d98265f\">\n.flex_column.av-2dmr1-97bab3aead8232ef8268d6b17d98265f{\npadding:10px 10px 10px 10px;\n}\n<\/style>\n<div  class='flex_column av-2dmr1-97bab3aead8232ef8268d6b17d98265f av_three_fifth  avia-builder-el-8  el_after_av_hr  el_before_av_two_fifth  first flex_column_div  '     ><style type=\"text\/css\" data-created_by=\"avia_inline_auto\" id=\"style-css-av-1aisx-a4ead65f773381179d759ebdb988b42d\">\n.avia-image-container.av-1aisx-a4ead65f773381179d759ebdb988b42d img.avia_image{\nbox-shadow:none;\n}\n.avia-image-container.av-1aisx-a4ead65f773381179d759ebdb988b42d .av-image-caption-overlay-center{\ncolor:#ffffff;\n}\n<\/style>\n<div  class='avia-image-container av-1aisx-a4ead65f773381179d759ebdb988b42d av-styling- avia-align-center  avia-builder-el-9  avia-builder-el-no-sibling '   itemprop=\"image\" itemscope=\"itemscope\" itemtype=\"https:\/\/schema.org\/ImageObject\" ><div class=\"avia-image-container-inner\"><div class=\"avia-image-overlay-wrap\"><img decoding=\"async\" fetchpriority=\"high\" class='wp-image-5515 avia-img-lazy-loading-not-5515 avia_image ' src=\"https:\/\/www.qnstort.at\/de\/wp-content\/uploads\/2024\/10\/g-1030x523.jpg\" alt='' title='Zweig'  height=\"523\" width=\"1030\"  itemprop=\"thumbnailUrl\" srcset=\"https:\/\/www.qnstort.at\/de\/wp-content\/uploads\/2024\/10\/g-1030x523.jpg 1030w, https:\/\/www.qnstort.at\/de\/wp-content\/uploads\/2024\/10\/g-300x152.jpg 300w, https:\/\/www.qnstort.at\/de\/wp-content\/uploads\/2024\/10\/g-768x390.jpg 768w, https:\/\/www.qnstort.at\/de\/wp-content\/uploads\/2024\/10\/g-705x358.jpg 705w, https:\/\/www.qnstort.at\/de\/wp-content\/uploads\/2024\/10\/g.jpg 1403w\" sizes=\"(max-width: 1030px) 100vw, 1030px\" \/><\/div><\/div><\/div><\/div>\n<div  class='flex_column av-1qt2h-c916803cc1bfbbebac522ce587800365 av_two_fifth  avia-builder-el-10  el_after_av_three_fifth  el_before_av_hr  flex_column_div  '     ><section  class='av_textblock_section av-ywtp-5b11228360dfbf66a2c10e8042359c58 '   itemscope=\"itemscope\" itemtype=\"https:\/\/schema.org\/CreativeWork\" ><div class='avia_textblock'  itemprop=\"text\" ><p><strong>Gruppenf\u00fchrungen und Kulturvermittlung<\/strong><\/p>\n<h1>K\u00fcnstlerweg<\/h1>\n<p>Start jeweils 10 Uhr beim Museum f\u00fcr Quellenkultur,<br \/>\nMuseumweg 1, 9373 Klein St. Paul<\/p>\n<p><strong>TERMINE 2025:<\/strong><\/p>\n<p>Sa, 5. Juli<\/p>\n<p>Di, 15. Juli<\/p>\n<p>Sa, 20. September<\/p>\n<p>Di, 30. September<\/p>\n<p>Di, 28. Oktober<\/p>\n<p><strong>DAUER<\/strong>:<br \/>\nca. 2 Stunden,\u00a0Die reine Gehzeit betr\u00e4gt ca. 1 Stunde.<\/p>\n<p><strong>BEN\u00d6TIGTE AUSR\u00dcSTUNG:\u00a0<\/strong><br \/>\nWanderschuhe, Regenschutz, Tourenproviant<\/p>\n<p><strong>ANMELDUNG:<\/strong><\/p>\n<p>Mag. Helga Steger<br \/>\nKulturGeschichte<br \/>\nRM Regionalmanagement Mittelk\u00e4rnten GmbH<\/p>\n<p>Tel.\u00a0 +43 4212 45\u00a0607-21\u00a0 bzw. 0650\/250 4733<\/p>\n<p>kultur@mittelkaernten.at<\/p>\n<\/div><\/section><\/div>\n<div  class='hr av-6y19-634f85d91f018e0ffd20a56359312ed8 hr-default  avia-builder-el-12  el_after_av_two_fifth  el_before_av_three_fifth '><span class='hr-inner '><span class=\"hr-inner-style\"><\/span><\/span><\/div>\n\n<style type=\"text\/css\" data-created_by=\"avia_inline_auto\" id=\"style-css-av-v2ph-860a290066f7545562ed0253e0218d8a\">\n.flex_column.av-v2ph-860a290066f7545562ed0253e0218d8a{\npadding:10px 10px 10px 10px;\n}\n<\/style>\n<div  class='flex_column av-v2ph-860a290066f7545562ed0253e0218d8a av_three_fifth  avia-builder-el-13  el_after_av_hr  avia-builder-el-last  first flex_column_div  '     ><p><div  class='hr av-xhl9-17f9ef0c83354d3dcfd2bab2ce24c236 hr-default  avia-builder-el-14  el_before_av_textblock  avia-builder-el-first '><span class='hr-inner '><span class=\"hr-inner-style\"><\/span><\/span><\/div><br \/>\n<section  class='av_textblock_section av-lv45ytbq-c31af4ba0163ccacb82b93ca292efac2 '   itemscope=\"itemscope\" itemtype=\"https:\/\/schema.org\/CreativeWork\" ><div class='avia_textblock'  itemprop=\"text\" ><h3><span class=\"tm7\">F\u00fchrungen im Museum und Quellenkulturpark <\/span><\/h3>\n<h3><span class=\"tm7\">mit Werner Hofmeister<\/span><\/h3>\n<p class=\"Normal tm5\"><span class=\"tm6\">F\u00fcr Gruppen ab 10 Personen auf Anfrage:<\/span><\/p>\n<p><strong>T: +43 699 102 710 51<\/strong><br \/>\n<a href=\"mailto:hofmeister.werner@outlook.com\"><strong>hofmeister.werner@outlook.com<\/strong><\/a><\/p>\n<p><span class=\"tm6\">pro Person \u20ac 10.-<\/span><\/p>\n<h5><\/h5>\n<\/div><\/section><\/p><\/div>\n","protected":false},"excerpt":{"rendered":"","protected":false},"author":1,"featured_media":0,"parent":0,"menu_order":0,"comment_status":"closed","ping_status":"closed","template":"","meta":{"footnotes":""},"class_list":["post-45","page","type-page","status-publish","hentry"],"_links":{"self":[{"href":"https:\/\/www.qnstort.at\/de\/wp-json\/wp\/v2\/pages\/45","targetHints":{"allow":["GET"]}}],"collection":[{"href":"https:\/\/www.qnstort.at\/de\/wp-json\/wp\/v2\/pages"}],"about":[{"href":"https:\/\/www.qnstort.at\/de\/wp-json\/wp\/v2\/types\/page"}],"author":[{"embeddable":true,"href":"https:\/\/www.qnstort.at\/de\/wp-json\/wp\/v2\/users\/1"}],"replies":[{"embeddable":true,"href":"https:\/\/www.qnstort.at\/de\/wp-json\/wp\/v2\/comments?post=45"}],"version-history":[{"count":185,"href":"https:\/\/www.qnstort.at\/de\/wp-json\/wp\/v2\/pages\/45\/revisions"}],"predecessor-version":[{"id":5511,"href":"https:\/\/www.qnstort.at\/de\/wp-json\/wp\/v2\/pages\/45\/revisions\/5511"}],"wp:attachment":[{"href":"https:\/\/www.qnstort.at\/de\/wp-json\/wp\/v2\/media?parent=45"}],"curies":[{"name":"wp","href":"https:\/\/api.w.org\/{rel}","templated":true}]}}