{"id":4675,"date":"2021-04-19T10:11:59","date_gmt":"2021-04-19T08:11:59","guid":{"rendered":"https:\/\/www.qnstort.at\/de\/?page_id=4675"},"modified":"2021-04-19T11:34:17","modified_gmt":"2021-04-19T09:34:17","slug":"sprachbilder","status":"publish","type":"page","link":"https:\/\/www.qnstort.at\/de\/sprachbilder\/","title":{"rendered":"SPRACHBILDER"},"content":{"rendered":"\n<style type=\"text\/css\" data-created_by=\"avia_inline_auto\" id=\"style-css-av-4fveyr-a087ad71f1557d421aa43e4111eaabc6\">\n.flex_column.av-4fveyr-a087ad71f1557d421aa43e4111eaabc6{\nborder-radius:0px 0px 0px 0px;\npadding:0px 0px 0px 0px;\n}\n<\/style>\n<div  class='flex_column av-4fveyr-a087ad71f1557d421aa43e4111eaabc6 av_one_full  avia-builder-el-0  el_before_av_two_third  avia-builder-el-first  first flex_column_div av-zero-column-padding  '     ><section  class='av_textblock_section av-knobnys0-88b878562d8b474cf65557e4e7e4885e '   itemscope=\"itemscope\" itemtype=\"https:\/\/schema.org\/CreativeWork\" ><div class='avia_textblock'  itemprop=\"text\" ><h1>SPRACHBILDER<\/h1>\n<p>Skulpturengarten Werner Berg Museum, ab 2020<\/p>\n<\/div><\/section><\/div>\n\n<style type=\"text\/css\" data-created_by=\"avia_inline_auto\" id=\"style-css-av-2h49fn-7b4a8af7b6e7e8a953c726938722bb3c\">\n.flex_column.av-2h49fn-7b4a8af7b6e7e8a953c726938722bb3c{\nborder-radius:0px 0px 0px 0px;\npadding:0px 0px 0px 0px;\n}\n<\/style>\n<div  class='flex_column av-2h49fn-7b4a8af7b6e7e8a953c726938722bb3c av_two_third  avia-builder-el-2  el_after_av_one_full  el_before_av_one_third  first flex_column_div av-zero-column-padding  column-top-margin'     ><section  class='av_textblock_section av-knobls51-3afa02a3e96e0a9ab086781b5aeb08d6 '   itemscope=\"itemscope\" itemtype=\"https:\/\/schema.org\/CreativeWork\" ><div class='avia_textblock'  itemprop=\"text\" ><h4><\/h4>\n<h4>Sprachbilder von Werner Hofmeister<\/h4>\n<p><strong>\u201eSIE sind hier\u201c:<\/strong> Das ist \u00fcblicherweise das Orientierungszeichen auf einer Orientierungskarte. Der ORT ist hier. DU bist da. Doch ORT und DU sind geschrieben mit Buchstaben, die Signets und damit Symbole sind. Werner Hofmeisters Eisenstelen schreiben diese Vergewisserung als Skulpturen im Werner Berg Museum auf: als Rettungsreifen, als ein auf den Kopf gestelltes Anker-Zeichen, als den kopflosen Leonardo-Menschen, als Werkstatt-Zeichen, als Twitter-Taube, als Apfel und als eingetragenes Markenzeichen. Werner Hofmeister baut archaische Sprachbilder, die in der Vermengung mit der Logokultur ganz neue Interferenzen und Symbiosen hervorrufen: Sie werden Sprachbilder, f\u00fchlbar in der Materialit\u00e4t. Im Inneren strahlt seine \u201eKiwi\u201c, mit dem innersten Kern seines \u201eQ\u201c.<\/p>\n<p><strong>\u201eQ\u201c ist die Quelle. <\/strong>Als der K\u00e4rntner K\u00fcnstler Werner Hofmeister 1993 mit der Arbeit zum Quellekomplex beginnt, wird er \u00fcber Jahre zum Einbuchstabenschreiber. Das \u201eQ\u201c wird zum Zentrum seiner Kunst \u2013 daraus entspringen zahlreiche Arbeiten im Graubereich zwischen Bild und Schrift. Eine eigene \u201eZeichen\u201c-Sprache oder auch Bilder-Schrift entsteht. Er hat vor Jahren in Klein St. Paul ein \u201eMuseum f\u00fcr Quellenkultur\u201c gegr\u00fcndet. Buchstaben, Laute, das Wechselspiel zwischen Bild und Text oder auch die Sprache selbst sind in seinen Arbeiten von Beginn an allgegenw\u00e4rtig. Oft ist es nur das Wenige, das Schweigen und das Verschweigen, was er mit seiner Heimat K\u00e4rnten verbindet. Den Laut. Den Klang. Die nicht in eine abstrakte Sprache \u00fcberf\u00fchrbare Bedeutung. So wird Werner Hofmeister zum gro\u00dfen Meister der Reduktion, die vielleicht in keinem Ort so reduziert m\u00f6glich ist wie in K\u00e4rnten. Er setzt auch Wortspiele ein, Redewendungen, Phrasen, Textfragmente, die wie Werbeslogans anmuten. Er setzt mitunter auch Zitate ein, um auf versch\u00fcttete Zusammenh\u00e4nge hinzuweisen.<\/p>\n<p><em>\u201eDas G\u00f6ttliche (Religion), das Geschlecht (Sexualit\u00e4t), das Geld (Kapitalismus) und die Gewalt (Krieg) sind die Grundlagen [ \u2026 ] und es sind dies, keineswegs zuf\u00e4llig, auch die bestimmenden Faktoren unserer Zeit. Als Bindeglied zwischen ihnen und als Katalysator, der die symbolische Bedeutung h\u00e4ufig erst sichtbar macht, wirkt dabei das Quellen- und Ursprungszeichen, Hofmeisters k\u00fcnstlerisches Alpha und Omega, seine Zauberformel Q.\u201c[ 1]<\/em><\/p>\n<p>Die Zeichen selbst \u2013 es sind dies vom K\u00fcnstler ver\u00e4nderte oder verr\u00e4tselte Symbole \u2013 sch\u00f6pfen aus den kalligraphischen Traditionen verschiedener Kulturen und Zeiten: Er erschafft so eine Bildsprache, die an eine mystische Vergangenheit mahnt und diese mit der Gegenwart verbindet, stets im Zeichen des \u201eQ\u201c, der Frage nach der \u201eQuelle\u201c.<\/p>\n<p>In den letzten Jahren hat sich dieses \u201eQ\u201c erweitert. Doch der Symbolwert der Buchstaben ist geblieben \u2013 nicht im alten Sinn der Entstehung des Alphabets, aber doch als eine einzigartige Aktualisierung dieser Idee der Sumerer und Hebr\u00e4er. Was deren Abstraktionsleistung vom \u00dcbergang des Bildzeichens der \u00c4gypter, ja der Chinesen hin auf eine nunmehr wenige Zeichen umfassende Zeichensprache war, f\u00fchrt Hofmeister mit der Logokultur der Gegenwart auf eine weitere Stufe des Denkens \u00fcber die Bausteine von Sprache: Schrift ist bei ihm nicht nur mehr abstrakt, Schrift macht R\u00e4ume auf und R\u00e4ume zu. Sie er\u00f6ffnet Emotionen, Freiheit und engt auch ein.<\/p>\n<p>ORT. DORT. FORT ist die erste Arbeit Hofmeisters in dieser Reihe des Nachdenkens \u00fcber das Hier, das Du, das Jetzt und die Anwesenheit. Nur eine kleine Hinzuf\u00fcgung und alles ist anders. Der Motorradfahrer rast davon.<\/p>\n<p>Johannes Rauchenberger<\/p>\n<p>[1] Klaus Amann, Werner Hofmeisters BildSchrift, in: Zeilen, Hofmeister 2010-2011, 2011, S. 86.<\/p>\n<\/div><\/section><\/div>\n\n<style type=\"text\/css\" data-created_by=\"avia_inline_auto\" id=\"style-css-av-10cah-8017e045c0bd775386d523aea3128e18\">\n.flex_column.av-10cah-8017e045c0bd775386d523aea3128e18{\nborder-radius:0px 0px 0px 0px;\npadding:0px 0px 0px 0px;\n}\n<\/style>\n<div  class='flex_column av-10cah-8017e045c0bd775386d523aea3128e18 av_one_third  avia-builder-el-4  el_after_av_two_third  el_before_av_one_full  flex_column_div av-zero-column-padding  column-top-margin'     ><style type=\"text\/css\" data-created_by=\"avia_inline_auto\" id=\"style-css-av-k8r00fid-7691c4f595afb3b3ed058f37a31cb8bc\">\n#top .avia-gallery.av-k8r00fid-7691c4f595afb3b3ed058f37a31cb8bc .avia-gallery-thumb a{\nwidth:25%;\n}\n<\/style>\n<div  class='avia-gallery av-k8r00fid-7691c4f595afb3b3ed058f37a31cb8bc avia_animate_when_visible  avia-builder-el-5  avia-builder-el-no-sibling  animations_off av-slideshow-ui av-loop-manual-endless av-control-hidden av-navigate-arrows av-navigate-dots hover-effect av-control-hidden avia-gallery-1'  itemprop=\"image\" itemscope=\"itemscope\" itemtype=\"https:\/\/schema.org\/ImageObject\" ><meta itemprop=\"contentURL\" content=\"https:\/\/www.qnstort.at\/de\/sprachbilder\/\"><a class='avia-gallery-big fakeLightbox lightbox avia-gallery-big-no-crop-thumb ' href=\"https:\/\/www.qnstort.at\/de\/wp-content\/uploads\/2020\/04\/Hofmeister_Sprachbilder_Werner-Berg_3.jpg\" data-srcset=\"https:\/\/www.qnstort.at\/de\/wp-content\/uploads\/2020\/04\/Hofmeister_Sprachbilder_Werner-Berg_3.jpg 1024w, https:\/\/www.qnstort.at\/de\/wp-content\/uploads\/2020\/04\/Hofmeister_Sprachbilder_Werner-Berg_3-300x200.jpg 300w, https:\/\/www.qnstort.at\/de\/wp-content\/uploads\/2020\/04\/Hofmeister_Sprachbilder_Werner-Berg_3-768x512.jpg 768w, https:\/\/www.qnstort.at\/de\/wp-content\/uploads\/2020\/04\/Hofmeister_Sprachbilder_Werner-Berg_3-705x470.jpg 705w, https:\/\/www.qnstort.at\/de\/wp-content\/uploads\/2020\/04\/Hofmeister_Sprachbilder_Werner-Berg_3-450x300.jpg 450w\" data-sizes=\"(max-width: 1024px) 100vw, 1024px\"  data-onclick='1' title='SPRACHBILDER von Werner Hofmeister im Park des Werner Berg Museums' ><span class='avia-gallery-big-inner'  itemprop=\"thumbnailUrl\" ><img decoding=\"async\" fetchpriority=\"high\" class=\"wp-image-3841 avia-img-lazy-loading-not-3841\"  width=\"1024\" height=\"683\" src=\"https:\/\/www.qnstort.at\/de\/wp-content\/uploads\/2020\/04\/Hofmeister_Sprachbilder_Werner-Berg_3.jpg\" title='Hofmeister_Sprachbilder_Werner-Berg_3' alt='' srcset=\"https:\/\/www.qnstort.at\/de\/wp-content\/uploads\/2020\/04\/Hofmeister_Sprachbilder_Werner-Berg_3.jpg 1024w, https:\/\/www.qnstort.at\/de\/wp-content\/uploads\/2020\/04\/Hofmeister_Sprachbilder_Werner-Berg_3-300x200.jpg 300w, https:\/\/www.qnstort.at\/de\/wp-content\/uploads\/2020\/04\/Hofmeister_Sprachbilder_Werner-Berg_3-768x512.jpg 768w, https:\/\/www.qnstort.at\/de\/wp-content\/uploads\/2020\/04\/Hofmeister_Sprachbilder_Werner-Berg_3-705x470.jpg 705w, https:\/\/www.qnstort.at\/de\/wp-content\/uploads\/2020\/04\/Hofmeister_Sprachbilder_Werner-Berg_3-450x300.jpg 450w\" sizes=\"(max-width: 1024px) 100vw, 1024px\" \/><span class='avia-gallery-caption'>SPRACHBILDER von Werner Hofmeister im Park des Werner Berg Museums<\/span><\/span><\/a><div class='avia-gallery-thumb'><a href=\"https:\/\/www.qnstort.at\/de\/wp-content\/uploads\/2020\/04\/Hofmeister_Sprachbilder_Werner-Berg_3.jpg\" data-srcset=\"https:\/\/www.qnstort.at\/de\/wp-content\/uploads\/2020\/04\/Hofmeister_Sprachbilder_Werner-Berg_3.jpg 1024w, https:\/\/www.qnstort.at\/de\/wp-content\/uploads\/2020\/04\/Hofmeister_Sprachbilder_Werner-Berg_3-300x200.jpg 300w, https:\/\/www.qnstort.at\/de\/wp-content\/uploads\/2020\/04\/Hofmeister_Sprachbilder_Werner-Berg_3-768x512.jpg 768w, https:\/\/www.qnstort.at\/de\/wp-content\/uploads\/2020\/04\/Hofmeister_Sprachbilder_Werner-Berg_3-705x470.jpg 705w, https:\/\/www.qnstort.at\/de\/wp-content\/uploads\/2020\/04\/Hofmeister_Sprachbilder_Werner-Berg_3-450x300.jpg 450w\" data-sizes=\"(max-width: 1024px) 100vw, 1024px\" data-rel='gallery-1' data-prev-img='https:\/\/www.qnstort.at\/de\/wp-content\/uploads\/2020\/04\/Hofmeister_Sprachbilder_Werner-Berg_3.jpg' class='first_thumb lightbox ' data-onclick='1' title='SPRACHBILDER von Werner Hofmeister im Park des Werner Berg Museums'  itemprop=\"thumbnailUrl\"  ><img decoding=\"async\" fetchpriority=\"high\" class=\"wp-image-3841 avia-img-lazy-loading-not-3841\"  data-avia-tooltip='SPRACHBILDER von Werner Hofmeister im Park des Werner Berg Museums' src=\"https:\/\/www.qnstort.at\/de\/wp-content\/uploads\/2020\/04\/Hofmeister_Sprachbilder_Werner-Berg_3.jpg\" width=\"1024\" height=\"683\"  title='Hofmeister_Sprachbilder_Werner-Berg_3' alt='' srcset=\"https:\/\/www.qnstort.at\/de\/wp-content\/uploads\/2020\/04\/Hofmeister_Sprachbilder_Werner-Berg_3.jpg 1024w, https:\/\/www.qnstort.at\/de\/wp-content\/uploads\/2020\/04\/Hofmeister_Sprachbilder_Werner-Berg_3-300x200.jpg 300w, https:\/\/www.qnstort.at\/de\/wp-content\/uploads\/2020\/04\/Hofmeister_Sprachbilder_Werner-Berg_3-768x512.jpg 768w, https:\/\/www.qnstort.at\/de\/wp-content\/uploads\/2020\/04\/Hofmeister_Sprachbilder_Werner-Berg_3-705x470.jpg 705w, https:\/\/www.qnstort.at\/de\/wp-content\/uploads\/2020\/04\/Hofmeister_Sprachbilder_Werner-Berg_3-450x300.jpg 450w\" sizes=\"(max-width: 1024px) 100vw, 1024px\" \/><div class='big-prev-fake'><img decoding=\"async\" loading=\"lazy\" class=\"wp-image-3841 avia-img-lazy-loading-3841\"  width=\"1024\" height=\"683\" src=\"https:\/\/www.qnstort.at\/de\/wp-content\/uploads\/2020\/04\/Hofmeister_Sprachbilder_Werner-Berg_3.jpg\" title='Hofmeister_Sprachbilder_Werner-Berg_3' alt='' srcset=\"https:\/\/www.qnstort.at\/de\/wp-content\/uploads\/2020\/04\/Hofmeister_Sprachbilder_Werner-Berg_3.jpg 1024w, https:\/\/www.qnstort.at\/de\/wp-content\/uploads\/2020\/04\/Hofmeister_Sprachbilder_Werner-Berg_3-300x200.jpg 300w, https:\/\/www.qnstort.at\/de\/wp-content\/uploads\/2020\/04\/Hofmeister_Sprachbilder_Werner-Berg_3-768x512.jpg 768w, https:\/\/www.qnstort.at\/de\/wp-content\/uploads\/2020\/04\/Hofmeister_Sprachbilder_Werner-Berg_3-705x470.jpg 705w, https:\/\/www.qnstort.at\/de\/wp-content\/uploads\/2020\/04\/Hofmeister_Sprachbilder_Werner-Berg_3-450x300.jpg 450w\" sizes=\"auto, (max-width: 1024px) 100vw, 1024px\" \/><\/div><\/a><a href=\"https:\/\/www.qnstort.at\/de\/wp-content\/uploads\/2020\/04\/Hofmeister_Sprachbilder_Werner-Berg_4.jpg\" data-srcset=\"https:\/\/www.qnstort.at\/de\/wp-content\/uploads\/2020\/04\/Hofmeister_Sprachbilder_Werner-Berg_4.jpg 1024w, https:\/\/www.qnstort.at\/de\/wp-content\/uploads\/2020\/04\/Hofmeister_Sprachbilder_Werner-Berg_4-300x200.jpg 300w, https:\/\/www.qnstort.at\/de\/wp-content\/uploads\/2020\/04\/Hofmeister_Sprachbilder_Werner-Berg_4-768x512.jpg 768w, https:\/\/www.qnstort.at\/de\/wp-content\/uploads\/2020\/04\/Hofmeister_Sprachbilder_Werner-Berg_4-705x470.jpg 705w, https:\/\/www.qnstort.at\/de\/wp-content\/uploads\/2020\/04\/Hofmeister_Sprachbilder_Werner-Berg_4-450x300.jpg 450w\" data-sizes=\"(max-width: 1024px) 100vw, 1024px\" data-rel='gallery-1' data-prev-img='https:\/\/www.qnstort.at\/de\/wp-content\/uploads\/2020\/04\/Hofmeister_Sprachbilder_Werner-Berg_4.jpg' class='lightbox ' data-onclick='2' title='SPRACHBILDER von Werner Hofmeister im Park des Werner Berg Museums'  itemprop=\"thumbnailUrl\"  ><img decoding=\"async\" fetchpriority=\"high\" class=\"wp-image-3843 avia-img-lazy-loading-not-3843\"  data-avia-tooltip='SPRACHBILDER von Werner Hofmeister im Park des Werner Berg Museums' src=\"https:\/\/www.qnstort.at\/de\/wp-content\/uploads\/2020\/04\/Hofmeister_Sprachbilder_Werner-Berg_4.jpg\" width=\"1024\" height=\"683\"  title='Hofmeister_Sprachbilder_Werner-Berg_4' alt='' srcset=\"https:\/\/www.qnstort.at\/de\/wp-content\/uploads\/2020\/04\/Hofmeister_Sprachbilder_Werner-Berg_4.jpg 1024w, https:\/\/www.qnstort.at\/de\/wp-content\/uploads\/2020\/04\/Hofmeister_Sprachbilder_Werner-Berg_4-300x200.jpg 300w, https:\/\/www.qnstort.at\/de\/wp-content\/uploads\/2020\/04\/Hofmeister_Sprachbilder_Werner-Berg_4-768x512.jpg 768w, https:\/\/www.qnstort.at\/de\/wp-content\/uploads\/2020\/04\/Hofmeister_Sprachbilder_Werner-Berg_4-705x470.jpg 705w, https:\/\/www.qnstort.at\/de\/wp-content\/uploads\/2020\/04\/Hofmeister_Sprachbilder_Werner-Berg_4-450x300.jpg 450w\" sizes=\"(max-width: 1024px) 100vw, 1024px\" \/><div class='big-prev-fake'><img decoding=\"async\" loading=\"lazy\" class=\"wp-image-3843 avia-img-lazy-loading-3843\"  width=\"1024\" height=\"683\" src=\"https:\/\/www.qnstort.at\/de\/wp-content\/uploads\/2020\/04\/Hofmeister_Sprachbilder_Werner-Berg_4.jpg\" title='Hofmeister_Sprachbilder_Werner-Berg_4' alt='' srcset=\"https:\/\/www.qnstort.at\/de\/wp-content\/uploads\/2020\/04\/Hofmeister_Sprachbilder_Werner-Berg_4.jpg 1024w, https:\/\/www.qnstort.at\/de\/wp-content\/uploads\/2020\/04\/Hofmeister_Sprachbilder_Werner-Berg_4-300x200.jpg 300w, https:\/\/www.qnstort.at\/de\/wp-content\/uploads\/2020\/04\/Hofmeister_Sprachbilder_Werner-Berg_4-768x512.jpg 768w, https:\/\/www.qnstort.at\/de\/wp-content\/uploads\/2020\/04\/Hofmeister_Sprachbilder_Werner-Berg_4-705x470.jpg 705w, https:\/\/www.qnstort.at\/de\/wp-content\/uploads\/2020\/04\/Hofmeister_Sprachbilder_Werner-Berg_4-450x300.jpg 450w\" sizes=\"auto, (max-width: 1024px) 100vw, 1024px\" \/><\/div><\/a><a href=\"https:\/\/www.qnstort.at\/de\/wp-content\/uploads\/2020\/04\/Hofmeister_Sprachbilder_Werner-Berg_2.jpg\" data-srcset=\"https:\/\/www.qnstort.at\/de\/wp-content\/uploads\/2020\/04\/Hofmeister_Sprachbilder_Werner-Berg_2.jpg 1024w, https:\/\/www.qnstort.at\/de\/wp-content\/uploads\/2020\/04\/Hofmeister_Sprachbilder_Werner-Berg_2-300x200.jpg 300w, https:\/\/www.qnstort.at\/de\/wp-content\/uploads\/2020\/04\/Hofmeister_Sprachbilder_Werner-Berg_2-768x512.jpg 768w, https:\/\/www.qnstort.at\/de\/wp-content\/uploads\/2020\/04\/Hofmeister_Sprachbilder_Werner-Berg_2-705x470.jpg 705w, https:\/\/www.qnstort.at\/de\/wp-content\/uploads\/2020\/04\/Hofmeister_Sprachbilder_Werner-Berg_2-450x300.jpg 450w\" data-sizes=\"(max-width: 1024px) 100vw, 1024px\" data-rel='gallery-1' data-prev-img='https:\/\/www.qnstort.at\/de\/wp-content\/uploads\/2020\/04\/Hofmeister_Sprachbilder_Werner-Berg_2.jpg' class='lightbox ' data-onclick='3' title='SPRACHBILDER von Werner Hofmeister im Park des Werner Berg Museums'  itemprop=\"thumbnailUrl\"  ><img decoding=\"async\" fetchpriority=\"high\" class=\"wp-image-3839 avia-img-lazy-loading-not-3839\"  data-avia-tooltip='SPRACHBILDER von Werner Hofmeister im Park des Werner Berg Museums' src=\"https:\/\/www.qnstort.at\/de\/wp-content\/uploads\/2020\/04\/Hofmeister_Sprachbilder_Werner-Berg_2.jpg\" width=\"1024\" height=\"683\"  title='Hofmeister_Sprachbilder_Werner-Berg_2' alt='' srcset=\"https:\/\/www.qnstort.at\/de\/wp-content\/uploads\/2020\/04\/Hofmeister_Sprachbilder_Werner-Berg_2.jpg 1024w, https:\/\/www.qnstort.at\/de\/wp-content\/uploads\/2020\/04\/Hofmeister_Sprachbilder_Werner-Berg_2-300x200.jpg 300w, https:\/\/www.qnstort.at\/de\/wp-content\/uploads\/2020\/04\/Hofmeister_Sprachbilder_Werner-Berg_2-768x512.jpg 768w, https:\/\/www.qnstort.at\/de\/wp-content\/uploads\/2020\/04\/Hofmeister_Sprachbilder_Werner-Berg_2-705x470.jpg 705w, https:\/\/www.qnstort.at\/de\/wp-content\/uploads\/2020\/04\/Hofmeister_Sprachbilder_Werner-Berg_2-450x300.jpg 450w\" sizes=\"(max-width: 1024px) 100vw, 1024px\" \/><div class='big-prev-fake'><img decoding=\"async\" loading=\"lazy\" class=\"wp-image-3839 avia-img-lazy-loading-3839\"  width=\"1024\" height=\"683\" src=\"https:\/\/www.qnstort.at\/de\/wp-content\/uploads\/2020\/04\/Hofmeister_Sprachbilder_Werner-Berg_2.jpg\" title='Hofmeister_Sprachbilder_Werner-Berg_2' alt='' srcset=\"https:\/\/www.qnstort.at\/de\/wp-content\/uploads\/2020\/04\/Hofmeister_Sprachbilder_Werner-Berg_2.jpg 1024w, https:\/\/www.qnstort.at\/de\/wp-content\/uploads\/2020\/04\/Hofmeister_Sprachbilder_Werner-Berg_2-300x200.jpg 300w, https:\/\/www.qnstort.at\/de\/wp-content\/uploads\/2020\/04\/Hofmeister_Sprachbilder_Werner-Berg_2-768x512.jpg 768w, https:\/\/www.qnstort.at\/de\/wp-content\/uploads\/2020\/04\/Hofmeister_Sprachbilder_Werner-Berg_2-705x470.jpg 705w, https:\/\/www.qnstort.at\/de\/wp-content\/uploads\/2020\/04\/Hofmeister_Sprachbilder_Werner-Berg_2-450x300.jpg 450w\" sizes=\"auto, (max-width: 1024px) 100vw, 1024px\" \/><\/div><\/a><a href=\"https:\/\/www.qnstort.at\/de\/wp-content\/uploads\/2020\/04\/Hofmeister_Sprachbilder_Werner-Berg_1.jpg\" data-srcset=\"https:\/\/www.qnstort.at\/de\/wp-content\/uploads\/2020\/04\/Hofmeister_Sprachbilder_Werner-Berg_1.jpg 1024w, https:\/\/www.qnstort.at\/de\/wp-content\/uploads\/2020\/04\/Hofmeister_Sprachbilder_Werner-Berg_1-300x200.jpg 300w, https:\/\/www.qnstort.at\/de\/wp-content\/uploads\/2020\/04\/Hofmeister_Sprachbilder_Werner-Berg_1-768x512.jpg 768w, https:\/\/www.qnstort.at\/de\/wp-content\/uploads\/2020\/04\/Hofmeister_Sprachbilder_Werner-Berg_1-705x470.jpg 705w, https:\/\/www.qnstort.at\/de\/wp-content\/uploads\/2020\/04\/Hofmeister_Sprachbilder_Werner-Berg_1-450x300.jpg 450w\" data-sizes=\"(max-width: 1024px) 100vw, 1024px\" data-rel='gallery-1' data-prev-img='https:\/\/www.qnstort.at\/de\/wp-content\/uploads\/2020\/04\/Hofmeister_Sprachbilder_Werner-Berg_1.jpg' class='lightbox ' data-onclick='4' title='SPRACHBILDER von Werner Hofmeister im Park des Werner Berg Museums'  itemprop=\"thumbnailUrl\"  ><img decoding=\"async\" fetchpriority=\"high\" class=\"wp-image-3837 avia-img-lazy-loading-not-3837\"  data-avia-tooltip='SPRACHBILDER von Werner Hofmeister im Park des Werner Berg Museums' src=\"https:\/\/www.qnstort.at\/de\/wp-content\/uploads\/2020\/04\/Hofmeister_Sprachbilder_Werner-Berg_1.jpg\" width=\"1024\" height=\"683\"  title='Hofmeister_Sprachbilder_Werner-Berg_1' alt='' srcset=\"https:\/\/www.qnstort.at\/de\/wp-content\/uploads\/2020\/04\/Hofmeister_Sprachbilder_Werner-Berg_1.jpg 1024w, https:\/\/www.qnstort.at\/de\/wp-content\/uploads\/2020\/04\/Hofmeister_Sprachbilder_Werner-Berg_1-300x200.jpg 300w, https:\/\/www.qnstort.at\/de\/wp-content\/uploads\/2020\/04\/Hofmeister_Sprachbilder_Werner-Berg_1-768x512.jpg 768w, https:\/\/www.qnstort.at\/de\/wp-content\/uploads\/2020\/04\/Hofmeister_Sprachbilder_Werner-Berg_1-705x470.jpg 705w, https:\/\/www.qnstort.at\/de\/wp-content\/uploads\/2020\/04\/Hofmeister_Sprachbilder_Werner-Berg_1-450x300.jpg 450w\" sizes=\"(max-width: 1024px) 100vw, 1024px\" \/><div class='big-prev-fake'><img decoding=\"async\" loading=\"lazy\" class=\"wp-image-3837 avia-img-lazy-loading-3837\"  width=\"1024\" height=\"683\" src=\"https:\/\/www.qnstort.at\/de\/wp-content\/uploads\/2020\/04\/Hofmeister_Sprachbilder_Werner-Berg_1.jpg\" title='Hofmeister_Sprachbilder_Werner-Berg_1' alt='' srcset=\"https:\/\/www.qnstort.at\/de\/wp-content\/uploads\/2020\/04\/Hofmeister_Sprachbilder_Werner-Berg_1.jpg 1024w, https:\/\/www.qnstort.at\/de\/wp-content\/uploads\/2020\/04\/Hofmeister_Sprachbilder_Werner-Berg_1-300x200.jpg 300w, https:\/\/www.qnstort.at\/de\/wp-content\/uploads\/2020\/04\/Hofmeister_Sprachbilder_Werner-Berg_1-768x512.jpg 768w, https:\/\/www.qnstort.at\/de\/wp-content\/uploads\/2020\/04\/Hofmeister_Sprachbilder_Werner-Berg_1-705x470.jpg 705w, https:\/\/www.qnstort.at\/de\/wp-content\/uploads\/2020\/04\/Hofmeister_Sprachbilder_Werner-Berg_1-450x300.jpg 450w\" sizes=\"auto, (max-width: 1024px) 100vw, 1024px\" \/><\/div><\/a><\/div><\/div><\/div>\n\n<style type=\"text\/css\" data-created_by=\"avia_inline_auto\" id=\"style-css-av-2lzsvn-16dd40ee76e681bd0c84ab9e4a81d1b7\">\n.flex_column.av-2lzsvn-16dd40ee76e681bd0c84ab9e4a81d1b7{\nborder-radius:0px 0px 0px 0px;\npadding:0px 0px 0px 0px;\n}\n<\/style>\n<div  class='flex_column av-2lzsvn-16dd40ee76e681bd0c84ab9e4a81d1b7 av_one_full  avia-builder-el-6  el_after_av_one_third  avia-builder-el-last  first flex_column_div av-zero-column-padding  column-top-margin'     ><section  class='av_textblock_section av-knoehuy7-f4685a737abbb9282029e4a0d47bb4ea '   itemscope=\"itemscope\" itemtype=\"https:\/\/schema.org\/CreativeWork\" ><div class='avia_textblock'  itemprop=\"text\" ><p style=\"text-align: right;\"><strong>SPRACHBILDER<\/strong><br \/>\nvon Werner Hofmeister<br \/>\nim<br \/>\n<span style=\"color: #000000;\"><strong>Werner Berg Museum<\/strong><\/span><br \/>\nSkulpturengarten<br \/>\nBleiburg\/Pliberk<br \/>\n10. Oktober Platz 4<br \/>\nA- 9150 Bleiburg<br \/>\n<a href=\"http:\/\/www.wernerberg.museum\/\" target=\"_blank\" rel=\"noopener noreferrer\"><span style=\"color: #000000;\">www.wernerberg.museum<\/span><\/a><\/p>\n<p style=\"text-align: right;\">\u00d6ffnungszeiten:<br \/>\n01. Mai \u2013 31. Oktober 2021<br \/>\nDi-So: 10-18 h<\/p>\n<\/div><\/section><\/div>\n","protected":false},"excerpt":{"rendered":"","protected":false},"author":1,"featured_media":0,"parent":0,"menu_order":0,"comment_status":"closed","ping_status":"closed","template":"","meta":{"footnotes":""},"class_list":["post-4675","page","type-page","status-publish","hentry"],"_links":{"self":[{"href":"https:\/\/www.qnstort.at\/de\/wp-json\/wp\/v2\/pages\/4675","targetHints":{"allow":["GET"]}}],"collection":[{"href":"https:\/\/www.qnstort.at\/de\/wp-json\/wp\/v2\/pages"}],"about":[{"href":"https:\/\/www.qnstort.at\/de\/wp-json\/wp\/v2\/types\/page"}],"author":[{"embeddable":true,"href":"https:\/\/www.qnstort.at\/de\/wp-json\/wp\/v2\/users\/1"}],"replies":[{"embeddable":true,"href":"https:\/\/www.qnstort.at\/de\/wp-json\/wp\/v2\/comments?post=4675"}],"version-history":[{"count":10,"href":"https:\/\/www.qnstort.at\/de\/wp-json\/wp\/v2\/pages\/4675\/revisions"}],"predecessor-version":[{"id":4683,"href":"https:\/\/www.qnstort.at\/de\/wp-json\/wp\/v2\/pages\/4675\/revisions\/4683"}],"wp:attachment":[{"href":"https:\/\/www.qnstort.at\/de\/wp-json\/wp\/v2\/media?parent=4675"}],"curies":[{"name":"wp","href":"https:\/\/api.w.org\/{rel}","templated":true}]}}