{"id":475,"date":"2019-11-07T13:31:05","date_gmt":"2019-11-07T12:31:05","guid":{"rendered":"http:\/\/www.qnstort.at\/de\/?page_id=475"},"modified":"2024-09-18T10:36:42","modified_gmt":"2024-09-18T08:36:42","slug":"impressum","status":"publish","type":"page","link":"https:\/\/www.qnstort.at\/de\/impressum\/","title":{"rendered":"Impressum"},"content":{"rendered":"\n<style type=\"text\/css\" data-created_by=\"avia_inline_auto\" id=\"style-css-av-dijsr-b2fee1df0ee3d196103a9acddc0590af\">\n.flex_column.av-dijsr-b2fee1df0ee3d196103a9acddc0590af{\nborder-radius:0px 0px 0px 0px;\npadding:0px 0px 0px 0px;\n}\n<\/style>\n<div  class='flex_column av-dijsr-b2fee1df0ee3d196103a9acddc0590af av_one_full  avia-builder-el-0  el_before_av_one_full  avia-builder-el-first  first flex_column_div av-zero-column-padding  '     ><section  class='av_textblock_section av-k2ooyei3-67f2a98c154b2d021b2e3a69f6278b83 '   itemscope=\"itemscope\" itemtype=\"https:\/\/schema.org\/CreativeWork\" ><div class='avia_textblock'  itemprop=\"text\" ><h1>IMPRESSUM<\/h1>\n<\/div><\/section><\/div>\n\n<style type=\"text\/css\" data-created_by=\"avia_inline_auto\" id=\"style-css-av-b3vff-2a1a87f1994aa7ff598c7e720be41ee0\">\n.flex_column.av-b3vff-2a1a87f1994aa7ff598c7e720be41ee0{\nborder-radius:0px 0px 0px 0px;\npadding:0px 0px 0px 0px;\n}\n<\/style>\n<div  class='flex_column av-b3vff-2a1a87f1994aa7ff598c7e720be41ee0 av_one_full  avia-builder-el-2  el_after_av_one_full  avia-builder-el-last  first flex_column_div av-zero-column-padding  column-top-margin'     ><section  class='av_textblock_section av-k2ooy2tg-a128f7d02b437412dcdda0b1941ed0d6 '   itemscope=\"itemscope\" itemtype=\"https:\/\/schema.org\/CreativeWork\" ><div class='avia_textblock'  itemprop=\"text\" ><p>Medieninhaber \/ Betreiber von www.qnstort.at:<br \/>\nWERNER HOFMEISTER<br \/>\nBahnalle 3<br \/>\n9373 Klein St. Paul<\/p>\n<p><strong>T: +43 699 102 710 51<\/strong><br \/>\n<a href=\"mailto:hofmeister.werner@outlook.com\"><strong>hofmeister.werner@outlook.com<\/strong><\/a><\/p>\n<p><strong>Haftungssausschluss &#8211; Internetauftritt<\/strong><br \/>\nDer Betreiber dieser Internetseite \u00fcbernimmt keinerlei Gew\u00e4hr f\u00fcr die Aktualit\u00e4t, Korrektheit, Vollst\u00e4ndigkeit oder Qualit\u00e4t der bereitgestellten Informationen oder Funktionalit\u00e4t der bereitgestellten Dienste. Haftungsanspr\u00fcche gegen den Betreiber, die sich auf Sch\u00e4den materieller oder ideeller Art beziehen, welche durch die Nutzung oder Nichtnutzung der dargebotenen Informationen oder Funktionalit\u00e4t der bereitgestellten Dienste bzw. durch die Nutzung fehlerhafter und unvollst\u00e4ndiger Informationen oder Funktionalit\u00e4t der bereitgestellten Dienste verursacht wurden, sind grunds\u00e4tzlich ausgeschlossen. Der Betreiber beh\u00e4lt es sich ausdr\u00fccklich vor, Teile oder das gesamte Angebot ohne gesonderte Ank\u00fcndigung zu ver\u00e4ndern, zu erg\u00e4nzen, zu l\u00f6schen oder die Ver\u00f6ffentlichung zeitweise oder endg\u00fcltig einzustellen.<\/p>\n<p><strong>Verweise und Links<\/strong><br \/>\nSofern auf Verweisziele (&#8222;Links&#8220;) direkt oder indirekt verwiesen wird, die au\u00dferhalb des Verantwortungsbereiches des Betreibers liegen, haftet dieser nur dann, wenn er von den Inhalten Kenntnis hat und es ihm technisch m\u00f6glich und zumutbar w\u00e4re, die Nutzung im Falle rechtswidriger Inhalte zu verhindern. F\u00fcr dar\u00fcber hinausgehende Inhalte und insbesondere f\u00fcr Sch\u00e4den, die aus der Nutzung oder Nichtnutzung solcherart dargebotener Informationen entstehen, haftet allein der Anbieter dieser Seiten, nicht derjenige, der \u00fcber Links auf die jeweilige Ver\u00f6ffentlichung lediglich verweist.<\/p>\n<p><strong>Urheberrecht<\/strong><br \/>\nDer Betreiber ist bestrebt, in allen Publikationen die Urheberrechte der verwendeten Grafiken, Texte etc. zu beachten, von ihm selbst erstellte Grafiken, Texte etc. zu nutzen oder auf lizenzfreie Grafiken, Texte etc. zur\u00fcckzugreifen. Sollte sich auf den jeweiligen Seiten dennoch eine ungekennzeichnete, aber durch fremdes Copyright gesch\u00fctzte Grafik, Text etc. befinden, so konnte das Copyright vom Betreiber nicht festgestellt werden oder liegen nicht im vom Betreiber kontrollierbaren Bereich. Im Falle einer solchen unbeabsichtigten Copyrightverletzung wird der Betreiber das entsprechende Objekt nach Benachrichtigung aus seiner Publikation entfernen bzw. mit dem entsprechenden Copyright kenntlich machen. Das Copyright f\u00fcr ver\u00f6ffentlichte, vom Betreiber selbst erstellte Objekte bleibt allein beim Betreiber der Seiten. Eine Vervielf\u00e4ltigung oder Verwendung solcher Grafiken, Texte etc. in anderen elektronischen oder gedruckten Publikationen ist ohne ausdr\u00fcckliche Zustimmung des Betreibers nicht gestattet.<\/p>\n<p><strong>Rechtswirksamkeit dieses Haftungsausschlusses<\/strong><br \/>\nSofern Teile oder einzelne Formulierungen dieses Textes der geltenden Rechtslage nicht, nicht mehr oder nicht vollst\u00e4ndig entsprechen sollten, bleiben die \u00fcbrigen Teile des Dokumentes in ihrem Inhalt und ihrer G\u00fcltigkeit davon unber\u00fchrt.<\/p>\n<p><strong>Internetauftritt<\/strong><br \/>\nDer Internetauftritt auf www.qnstort.at wurde gestaltet von Claudia Puck (<a href=\"http:\/\/www.mindfloat.net\/\" target=\"_blank\" rel=\"noopener\">www.mindfloat.net<\/a>)<\/p>\n<\/div><\/section><\/div>\n","protected":false},"excerpt":{"rendered":"","protected":false},"author":1,"featured_media":0,"parent":0,"menu_order":0,"comment_status":"closed","ping_status":"closed","template":"","meta":{"footnotes":""},"class_list":["post-475","page","type-page","status-publish","hentry"],"_links":{"self":[{"href":"https:\/\/www.qnstort.at\/de\/wp-json\/wp\/v2\/pages\/475","targetHints":{"allow":["GET"]}}],"collection":[{"href":"https:\/\/www.qnstort.at\/de\/wp-json\/wp\/v2\/pages"}],"about":[{"href":"https:\/\/www.qnstort.at\/de\/wp-json\/wp\/v2\/types\/page"}],"author":[{"embeddable":true,"href":"https:\/\/www.qnstort.at\/de\/wp-json\/wp\/v2\/users\/1"}],"replies":[{"embeddable":true,"href":"https:\/\/www.qnstort.at\/de\/wp-json\/wp\/v2\/comments?post=475"}],"version-history":[{"count":7,"href":"https:\/\/www.qnstort.at\/de\/wp-json\/wp\/v2\/pages\/475\/revisions"}],"predecessor-version":[{"id":5505,"href":"https:\/\/www.qnstort.at\/de\/wp-json\/wp\/v2\/pages\/475\/revisions\/5505"}],"wp:attachment":[{"href":"https:\/\/www.qnstort.at\/de\/wp-json\/wp\/v2\/media?parent=475"}],"curies":[{"name":"wp","href":"https:\/\/api.w.org\/{rel}","templated":true}]}}