{"id":681,"date":"2019-11-07T15:01:20","date_gmt":"2019-11-07T14:01:20","guid":{"rendered":"http:\/\/www.qnstort.at\/de\/?page_id=681"},"modified":"2019-11-07T15:31:19","modified_gmt":"2019-11-07T14:31:19","slug":"der-grosse-q","status":"publish","type":"page","link":"https:\/\/www.qnstort.at\/de\/der-grosse-q\/","title":{"rendered":"Der gro\u00dfe Q"},"content":{"rendered":"\n<style type=\"text\/css\" data-created_by=\"avia_inline_auto\" id=\"style-css-av-awkgx-0ba15c0b48a13d943cd2d86476ef2c74\">\n.flex_column.av-awkgx-0ba15c0b48a13d943cd2d86476ef2c74{\nborder-radius:0px 0px 0px 0px;\npadding:0px 0px 0px 0px;\n}\n<\/style>\n<div  class='flex_column av-awkgx-0ba15c0b48a13d943cd2d86476ef2c74 av_one_full  avia-builder-el-0  el_before_av_one_full  avia-builder-el-first  first flex_column_div av-zero-column-padding  '     ><section  class='av_textblock_section av-k2os59ye-a4dd12dac293a84f25590e387574af70 '   itemscope=\"itemscope\" itemtype=\"https:\/\/schema.org\/CreativeWork\" ><div class='avia_textblock'  itemprop=\"text\" ><h1>Der Grosse Q<\/h1>\n<\/div><\/section><\/div>\n\n<style type=\"text\/css\" data-created_by=\"avia_inline_auto\" id=\"style-css-av-6m8wx-8f5076057f2af84923676e5a33ae3bef\">\n.flex_column.av-6m8wx-8f5076057f2af84923676e5a33ae3bef{\nborder-radius:0px 0px 0px 0px;\npadding:0px 0px 0px 0px;\n}\n<\/style>\n<div  class='flex_column av-6m8wx-8f5076057f2af84923676e5a33ae3bef av_one_full  avia-builder-el-2  el_after_av_one_full  el_before_av_two_third  first flex_column_div av-zero-column-padding  column-top-margin'     ><style type=\"text\/css\" data-created_by=\"avia_inline_auto\" id=\"style-css-av-k2ot3q0b-2136e0fad303f11924def458e3327ef9\">\n.av-horizontal-gallery.av-k2ot3q0b-2136e0fad303f11924def458e3327ef9{\npadding:2.25% 0px;;\n}\n.av-horizontal-gallery.av-k2ot3q0b-2136e0fad303f11924def458e3327ef9 .av-horizontal-gallery-inner{\npadding-bottom:15%;\n}\n<\/style>\n<div  class='av-horizontal-gallery av-k2ot3q0b-2136e0fad303f11924def458e3327ef9 av-horizontal-gallery-large-gap av-horizontal-gallery-enlarge-effect  avia-builder-el-3  avia-builder-el-no-sibling  av-slideshow-ui av-control-default av-slideshow-manual av-loop-once av-loop-manual-endless av-horizontal-gallery-1' data-slideshow-data=\"{&quot;enlarge&quot;:1.3,&quot;animation&quot;:&quot;slide&quot;,&quot;autoplay&quot;:false,&quot;loop_autoplay&quot;:&quot;once&quot;,&quot;interval&quot;:5,&quot;loop_manual&quot;:&quot;manual-endless&quot;,&quot;autoplay_stopper&quot;:false,&quot;noNavigation&quot;:false,&quot;bg_slider&quot;:false,&quot;keep_padding&quot;:&quot;&quot;,&quot;hoverpause&quot;:false,&quot;show_slide_delay&quot;:0}\"  itemprop=\"image\" itemscope=\"itemscope\" itemtype=\"https:\/\/schema.org\/ImageObject\" ><div class='avia-slideshow-arrows avia-slideshow-controls' ><a href='#prev' class='prev-slide av-horizontal-gallery-prev avia-svg-icon avia-font-svg_entypo-fontello' data-av_svg_icon='left-open-big' data-av_iconset='svg_entypo-fontello' tabindex='-1' title=\"Zur\u00fcck\"><svg version=\"1.1\" xmlns=\"http:\/\/www.w3.org\/2000\/svg\" width=\"15\" height=\"32\" viewBox=\"0 0 15 32\" preserveAspectRatio=\"xMidYMid meet\" aria-labelledby='av-svg-title-1' aria-describedby='av-svg-desc-1' role=\"graphics-symbol\" aria-hidden=\"true\">\n<title id='av-svg-title-1'>Zur\u00fcck<\/title>\n<desc id='av-svg-desc-1'>Zur\u00fcck<\/desc>\n<path d=\"M14.464 27.84q0.832 0.832 0 1.536-0.832 0.832-1.536 0l-12.544-12.608q-0.768-0.768 0-1.6l12.544-12.608q0.704-0.832 1.536 0 0.832 0.704 0 1.536l-11.456 11.904z\"><\/path>\n<\/svg><span class='avia_hidden_link_text'>Zur\u00fcck<\/span><\/a><a href='#next' class='next-slide av-horizontal-gallery-next avia-svg-icon avia-font-svg_entypo-fontello' data-av_svg_icon='right-open-big' data-av_iconset='svg_entypo-fontello' tabindex='-1' title=\"Weiter\"><svg version=\"1.1\" xmlns=\"http:\/\/www.w3.org\/2000\/svg\" width=\"15\" height=\"32\" viewBox=\"0 0 15 32\" preserveAspectRatio=\"xMidYMid meet\" aria-labelledby='av-svg-title-2' aria-describedby='av-svg-desc-2' role=\"graphics-symbol\" aria-hidden=\"true\">\n<title id='av-svg-title-2'>Weiter<\/title>\n<desc id='av-svg-desc-2'>Weiter<\/desc>\n<path d=\"M0.416 27.84l11.456-11.84-11.456-11.904q-0.832-0.832 0-1.536 0.832-0.832 1.536 0l12.544 12.608q0.768 0.832 0 1.6l-12.544 12.608q-0.704 0.832-1.536 0-0.832-0.704 0-1.536z\"><\/path>\n<\/svg><span class='avia_hidden_link_text'>Weiter<\/span><\/a><\/div><div class='avia-slideshow-dots avia-slideshow-controls av-horizontal-gallery-dots fade-in'><a href='#1' class='goto-slide active' >1<\/a><a href='#2' class='goto-slide ' >2<\/a><a href='#3' class='goto-slide ' >3<\/a><a href='#4' class='goto-slide ' >4<\/a><a href='#5' class='goto-slide ' >5<\/a><a href='#6' class='goto-slide ' >6<\/a><a href='#7' class='goto-slide ' >7<\/a><a href='#8' class='goto-slide ' >8<\/a><a href='#9' class='goto-slide ' >9<\/a><a href='#10' class='goto-slide ' >10<\/a><a href='#11' class='goto-slide ' >11<\/a><a href='#12' class='goto-slide ' >12<\/a><a href='#13' class='goto-slide ' >13<\/a><a href='#14' class='goto-slide ' >14<\/a><a href='#15' class='goto-slide ' >15<\/a><a href='#16' class='goto-slide ' >16<\/a><a href='#17' class='goto-slide ' >17<\/a><a href='#18' class='goto-slide ' >18<\/a><a href='#19' class='goto-slide ' >19<\/a><a href='#20' class='goto-slide ' >20<\/a><a href='#21' class='goto-slide ' >21<\/a><a href='#22' class='goto-slide ' >22<\/a><a href='#23' class='goto-slide ' >23<\/a><\/div><div class='av-horizontal-gallery-inner' data-av-height='15'><div class=\"av-horizontal-gallery-slider\"><div class=\"av-horizontal-gallery-wrap noHover\"><img decoding=\"async\" loading=\"lazy\" class='wp-image-733 avia-img-lazy-loading-733 av-horizontal-gallery-img' width=\"164\" height=\"200\" src=\"https:\/\/www.qnstort.at\/de\/wp-content\/uploads\/2019\/11\/der-grosse-q-zigarre.jpg\" title='der-grosse-q-zigarre' alt='' \/><\/div><div class=\"av-horizontal-gallery-wrap noHover\"><img decoding=\"async\" loading=\"lazy\" class='wp-image-731 avia-img-lazy-loading-731 av-horizontal-gallery-img' width=\"143\" height=\"198\" src=\"https:\/\/www.qnstort.at\/de\/wp-content\/uploads\/2019\/11\/der-grosse-q-sumo.jpg\" title='der-grosse-q-sumo' alt='' \/><\/div><div class=\"av-horizontal-gallery-wrap noHover\"><img decoding=\"async\" loading=\"lazy\" class='wp-image-729 avia-img-lazy-loading-729 av-horizontal-gallery-img' width=\"202\" height=\"154\" src=\"https:\/\/www.qnstort.at\/de\/wp-content\/uploads\/2019\/11\/der-grosse-q-steinq.jpg\" title='der-grosse-q-steinq' alt='' \/><\/div><div class=\"av-horizontal-gallery-wrap noHover\"><img decoding=\"async\" loading=\"lazy\" class='wp-image-727 avia-img-lazy-loading-727 av-horizontal-gallery-img' width=\"164\" height=\"200\" src=\"https:\/\/www.qnstort.at\/de\/wp-content\/uploads\/2019\/11\/der-grosse-q-sichel.jpg\" title='der-grosse-q-sichel' alt='' \/><\/div><div class=\"av-horizontal-gallery-wrap noHover\"><img decoding=\"async\" loading=\"lazy\" class='wp-image-725 avia-img-lazy-loading-725 av-horizontal-gallery-img' width=\"198\" height=\"156\" src=\"https:\/\/www.qnstort.at\/de\/wp-content\/uploads\/2019\/11\/der-grosse-q-schwtafel.jpg\" title='der-grosse-q-schwtafel' alt='' \/><\/div><div class=\"av-horizontal-gallery-wrap noHover\"><img decoding=\"async\" loading=\"lazy\" class='wp-image-723 avia-img-lazy-loading-723 av-horizontal-gallery-img' width=\"124\" height=\"197\" src=\"https:\/\/www.qnstort.at\/de\/wp-content\/uploads\/2019\/11\/der-grosse-q-qusucher.jpg\" title='der-grosse-q-qusucher' alt='' \/><\/div><div class=\"av-horizontal-gallery-wrap noHover\"><img decoding=\"async\" loading=\"lazy\" class='wp-image-721 avia-img-lazy-loading-721 av-horizontal-gallery-img' width=\"415\" height=\"312\" src=\"https:\/\/www.qnstort.at\/de\/wp-content\/uploads\/2019\/11\/der-grosse-q-quleute.jpg\" title='der-grosse-q-quleute' alt='' srcset=\"https:\/\/www.qnstort.at\/de\/wp-content\/uploads\/2019\/11\/der-grosse-q-quleute.jpg 415w, https:\/\/www.qnstort.at\/de\/wp-content\/uploads\/2019\/11\/der-grosse-q-quleute-300x226.jpg 300w\" sizes=\"auto, (max-width: 415px) 100vw, 415px\" \/><\/div><div class=\"av-horizontal-gallery-wrap noHover\"><img decoding=\"async\" loading=\"lazy\" class='wp-image-719 avia-img-lazy-loading-719 av-horizontal-gallery-img' width=\"198\" height=\"185\" src=\"https:\/\/www.qnstort.at\/de\/wp-content\/uploads\/2019\/11\/der-grosse-q-mutter.jpg\" title='der-grosse-q-mutter' alt='' \/><\/div><div class=\"av-horizontal-gallery-wrap noHover\"><img decoding=\"async\" loading=\"lazy\" class='wp-image-717 avia-img-lazy-loading-717 av-horizontal-gallery-img' width=\"256\" height=\"129\" src=\"https:\/\/www.qnstort.at\/de\/wp-content\/uploads\/2019\/11\/der-grosse-q-marylin.jpg\" title='der-grosse-q-marylin' alt='' \/><\/div><div class=\"av-horizontal-gallery-wrap noHover\"><img decoding=\"async\" loading=\"lazy\" class='wp-image-715 avia-img-lazy-loading-715 av-horizontal-gallery-img' width=\"198\" height=\"132\" src=\"https:\/\/www.qnstort.at\/de\/wp-content\/uploads\/2019\/11\/der-grosse-q-kreisv.jpg\" title='der-grosse-q-kreisv' alt='' \/><\/div><div class=\"av-horizontal-gallery-wrap noHover\"><img decoding=\"async\" loading=\"lazy\" class='wp-image-713 avia-img-lazy-loading-713 av-horizontal-gallery-img' width=\"200\" height=\"131\" src=\"https:\/\/www.qnstort.at\/de\/wp-content\/uploads\/2019\/11\/der-grosse-q-koenige.jpg\" title='der-grosse-q-koenige' alt='' \/><\/div><div class=\"av-horizontal-gallery-wrap noHover\"><img decoding=\"async\" loading=\"lazy\" class='wp-image-711 avia-img-lazy-loading-711 av-horizontal-gallery-img' width=\"199\" height=\"167\" src=\"https:\/\/www.qnstort.at\/de\/wp-content\/uploads\/2019\/11\/der-grosse-q-heil.jpg\" title='der-grosse-q-heil' alt='' \/><\/div><div class=\"av-horizontal-gallery-wrap noHover\"><img decoding=\"async\" loading=\"lazy\" class='wp-image-709 avia-img-lazy-loading-709 av-horizontal-gallery-img' width=\"168\" height=\"198\" src=\"https:\/\/www.qnstort.at\/de\/wp-content\/uploads\/2019\/11\/der-grosse-q-hand.jpg\" title='der-grosse-q-hand' alt='' \/><\/div><div class=\"av-horizontal-gallery-wrap noHover\"><img decoding=\"async\" loading=\"lazy\" class='wp-image-707 avia-img-lazy-loading-707 av-horizontal-gallery-img' width=\"198\" height=\"174\" src=\"https:\/\/www.qnstort.at\/de\/wp-content\/uploads\/2019\/11\/der-grosse-q-gong.jpg\" title='der-grosse-q-gong' alt='' \/><\/div><div class=\"av-horizontal-gallery-wrap noHover\"><img decoding=\"async\" loading=\"lazy\" class='wp-image-705 avia-img-lazy-loading-705 av-horizontal-gallery-img' width=\"199\" height=\"187\" src=\"https:\/\/www.qnstort.at\/de\/wp-content\/uploads\/2019\/11\/der-grosse-q-goldq.jpg\" title='der-grosse-q-goldq' alt='' \/><\/div><div class=\"av-horizontal-gallery-wrap noHover\"><img decoding=\"async\" loading=\"lazy\" class='wp-image-703 avia-img-lazy-loading-703 av-horizontal-gallery-img' width=\"199\" height=\"187\" src=\"https:\/\/www.qnstort.at\/de\/wp-content\/uploads\/2019\/11\/der-grosse-q-flederm.jpg\" title='der-grosse-q-flederm' alt='' \/><\/div><div class=\"av-horizontal-gallery-wrap noHover\"><img decoding=\"async\" loading=\"lazy\" class='wp-image-701 avia-img-lazy-loading-701 av-horizontal-gallery-img' width=\"198\" height=\"199\" src=\"https:\/\/www.qnstort.at\/de\/wp-content\/uploads\/2019\/11\/der-grosse-q-engel1.jpg\" title='der-grosse-q-engel1' alt='' srcset=\"https:\/\/www.qnstort.at\/de\/wp-content\/uploads\/2019\/11\/der-grosse-q-engel1.jpg 198w, https:\/\/www.qnstort.at\/de\/wp-content\/uploads\/2019\/11\/der-grosse-q-engel1-80x80.jpg 80w, https:\/\/www.qnstort.at\/de\/wp-content\/uploads\/2019\/11\/der-grosse-q-engel1-36x36.jpg 36w, https:\/\/www.qnstort.at\/de\/wp-content\/uploads\/2019\/11\/der-grosse-q-engel1-180x180.jpg 180w, https:\/\/www.qnstort.at\/de\/wp-content\/uploads\/2019\/11\/der-grosse-q-engel1-120x120.jpg 120w\" sizes=\"auto, (max-width: 198px) 100vw, 198px\" \/><\/div><div class=\"av-horizontal-gallery-wrap noHover\"><img decoding=\"async\" loading=\"lazy\" class='wp-image-699 avia-img-lazy-loading-699 av-horizontal-gallery-img' width=\"167\" height=\"199\" src=\"https:\/\/www.qnstort.at\/de\/wp-content\/uploads\/2019\/11\/der-grosse-q-engel.jpg\" title='der-grosse-q-engel' alt='' \/><\/div><div class=\"av-horizontal-gallery-wrap noHover\"><img decoding=\"async\" loading=\"lazy\" class='wp-image-697 avia-img-lazy-loading-697 av-horizontal-gallery-img' width=\"277\" height=\"117\" src=\"https:\/\/www.qnstort.at\/de\/wp-content\/uploads\/2019\/11\/der-grosse-q-doppel.jpg\" title='der-grosse-q-doppel' alt='' \/><\/div><div class=\"av-horizontal-gallery-wrap noHover\"><img decoding=\"async\" loading=\"lazy\" class='wp-image-695 avia-img-lazy-loading-695 av-horizontal-gallery-img' width=\"198\" height=\"142\" src=\"https:\/\/www.qnstort.at\/de\/wp-content\/uploads\/2019\/11\/der-grosse-q-dokopf.jpg\" title='der-grosse-q-dokopf' alt='' \/><\/div><div class=\"av-horizontal-gallery-wrap noHover\"><img decoding=\"async\" loading=\"lazy\" class='wp-image-693 avia-img-lazy-loading-693 av-horizontal-gallery-img' width=\"145\" height=\"199\" src=\"https:\/\/www.qnstort.at\/de\/wp-content\/uploads\/2019\/11\/der-grosse-q-charly.jpg\" title='der-grosse-q-charly' alt='' \/><\/div><div class=\"av-horizontal-gallery-wrap noHover\"><img decoding=\"async\" loading=\"lazy\" class='wp-image-691 avia-img-lazy-loading-691 av-horizontal-gallery-img' width=\"199\" height=\"153\" src=\"https:\/\/www.qnstort.at\/de\/wp-content\/uploads\/2019\/11\/der-grosse-q-ballon.jpg\" title='der-grosse-q-ballon' alt='' \/><\/div><div class=\"av-horizontal-gallery-wrap noHover\"><img decoding=\"async\" loading=\"lazy\" class='wp-image-689 avia-img-lazy-loading-689 av-horizontal-gallery-img' width=\"199\" height=\"187\" src=\"https:\/\/www.qnstort.at\/de\/wp-content\/uploads\/2019\/11\/der-grosse-q-adler.jpg\" title='der-grosse-q-adler' alt='' \/><\/div><\/div><\/div><\/div><\/div>\n<style type=\"text\/css\" data-created_by=\"avia_inline_auto\" id=\"style-css-av-9jmw9-5ecbd6c875a6d65aafafa3feaa73f713\">\n.flex_column.av-9jmw9-5ecbd6c875a6d65aafafa3feaa73f713{\nborder-radius:0px 0px 0px 0px;\npadding:0px 0px 0px 0px;\n}\n<\/style>\n<div  class='flex_column av-9jmw9-5ecbd6c875a6d65aafafa3feaa73f713 av_two_third  avia-builder-el-4  el_after_av_one_full  avia-builder-el-last  first flex_column_div av-zero-column-padding  column-top-margin'     ><section  class='av_textblock_section av-k2osjs8r-6fe8b37343f36bbbf1d037575eb71ae4 '   itemscope=\"itemscope\" itemtype=\"https:\/\/schema.org\/CreativeWork\" ><div class='avia_textblock'  itemprop=\"text\" ><h1 align=\"left\">Hofmeister &#8211; Der grosse Q<\/h1>\n<p align=\"left\">Hofmeister als Einbuchstabenschreiber bzw. Einbuchstabenmaler sieht Schrift wo Bild und Bild wo Schrift. Notation und Imagination wechseln. Er bringt die Codes ins Flie\u00dfen, zur\u00fcck zu ihrem \u00dcbergang, d.h. zur Quelle ihres Sinns, dem Gemurmel ihres Un-sinns. Er setzt auf die Wiederholung, beinahe in Form der Litanei, insofern ist er radikal, insofern nahe dem Religi\u00f6sen; aber als K\u00fcnstler verzichtet er auf den sinnstiftenden vorgegebenen Horizont &#8211; au\u00dfer wir betracht-en das System der Kunst als solchen. Hofmeister bringt mit seinem Malen bzw. Schreiben des stets selben Buchstabens die Leistung der Typografie in Sichtweite. Es ist die Typografie, welche die Vergangenheit der Schrift, das Bild, gegenw\u00e4rtig und auch nutzbar macht und insofern auch zeigt, da\u00df sie ihm nicht entkommt. Er befreit diese Geste in zweifacher Hinsicht. Einerseits indem er sie allein in den Dienst seiner Werkgeste, seines Stils stellt und sie von ihrer evokativen und rezeptiven Funktion losl\u00f6st und andererseits indem er die Schrift vermittels der Konzentration auf einen Buchstaben von der Kombinatorik des Sinns im Satz, Text, Buch, usw. l\u00f6st. Indem Hofmeister in seiner beinahe m\u00f6nch-ischen Schweigsamkeit des Einbuchstabenschreibers Schrift und Bild zu ihrem Ur-sprung als \u00dcbergang f\u00fchrt, setzt er ganz gegen das Zeitgeistig-Spektakul\u00e4re des digitalen Codes das Faszinosum des Zeichens. Bedeutung kommt nicht aus dem Was und Wie des Schreibens und Malens, sondern allein aus dem Umstand, da\u00df wir es tun. Das WeiterSchreiben und WeiterMalen hat daher die Funktion, das Ende des Sinns &#8211; als dessen vermeintliche Erf\u00fcllung &#8211; zu verhindern, die Gezeiten der Bedeutung unterbrechend in Bewegung zu halten.<\/p>\n<p>(Hubert Matt, 1959 in Bregenz geboren, Studium der Philosophie und Kunstgeschichte in Innsbruck, K\u00fcnstler und Philosoph, Lektor an den Universit\u00e4ten Innsbruck und Graz. )<\/p>\n<\/div><\/section><\/div><\/p>\n","protected":false},"excerpt":{"rendered":"","protected":false},"author":1,"featured_media":0,"parent":0,"menu_order":0,"comment_status":"closed","ping_status":"closed","template":"","meta":{"footnotes":""},"class_list":["post-681","page","type-page","status-publish","hentry"],"_links":{"self":[{"href":"https:\/\/www.qnstort.at\/de\/wp-json\/wp\/v2\/pages\/681","targetHints":{"allow":["GET"]}}],"collection":[{"href":"https:\/\/www.qnstort.at\/de\/wp-json\/wp\/v2\/pages"}],"about":[{"href":"https:\/\/www.qnstort.at\/de\/wp-json\/wp\/v2\/types\/page"}],"author":[{"embeddable":true,"href":"https:\/\/www.qnstort.at\/de\/wp-json\/wp\/v2\/users\/1"}],"replies":[{"embeddable":true,"href":"https:\/\/www.qnstort.at\/de\/wp-json\/wp\/v2\/comments?post=681"}],"version-history":[{"count":15,"href":"https:\/\/www.qnstort.at\/de\/wp-json\/wp\/v2\/pages\/681\/revisions"}],"predecessor-version":[{"id":759,"href":"https:\/\/www.qnstort.at\/de\/wp-json\/wp\/v2\/pages\/681\/revisions\/759"}],"wp:attachment":[{"href":"https:\/\/www.qnstort.at\/de\/wp-json\/wp\/v2\/media?parent=681"}],"curies":[{"name":"wp","href":"https:\/\/api.w.org\/{rel}","templated":true}]}}