{"id":77,"date":"2019-08-18T10:16:31","date_gmt":"2019-08-18T08:16:31","guid":{"rendered":"http:\/\/www.qnstort.at\/de\/?page_id=77"},"modified":"2019-11-07T13:39:29","modified_gmt":"2019-11-07T12:39:29","slug":"biographie","status":"publish","type":"page","link":"https:\/\/www.qnstort.at\/de\/biographie\/","title":{"rendered":"Biographie"},"content":{"rendered":"\n<style type=\"text\/css\" data-created_by=\"avia_inline_auto\" id=\"style-css-av-uavl-65e606fa9ca929fec894b7db2d04042b\">\n.flex_column.av-uavl-65e606fa9ca929fec894b7db2d04042b{\nborder-radius:0px 0px 0px 0px;\npadding:0px 0px 0px 0px;\n}\n<\/style>\n<div  class='flex_column av-uavl-65e606fa9ca929fec894b7db2d04042b av_one_full  avia-builder-el-0  el_before_av_one_full  avia-builder-el-first  first flex_column_div av-zero-column-padding  '     ><section  class='av_textblock_section av-jzgp55eo-3b54f3716562f2d038d816cb45d528ca '   itemscope=\"itemscope\" itemtype=\"https:\/\/schema.org\/CreativeWork\" ><div class='avia_textblock'  itemprop=\"text\" ><h1>Biographie Werner Hofmeister<\/h1>\n<\/div><\/section><\/div>\n<style type=\"text\/css\" data-created_by=\"avia_inline_auto\" id=\"style-css-av-uavl-65e606fa9ca929fec894b7db2d04042b\">\n.flex_column.av-uavl-65e606fa9ca929fec894b7db2d04042b{\nborder-radius:0px 0px 0px 0px;\npadding:0px 0px 0px 0px;\n}\n<\/style>\n<div  class='flex_column av-uavl-65e606fa9ca929fec894b7db2d04042b av_one_full  avia-builder-el-2  el_after_av_one_full  avia-builder-el-last  first flex_column_div av-zero-column-padding  column-top-margin'     ><section  class='av_textblock_section av-jzgp55eo-3b54f3716562f2d038d816cb45d528ca '   itemscope=\"itemscope\" itemtype=\"https:\/\/schema.org\/CreativeWork\" ><div class='avia_textblock'  itemprop=\"text\" ><p>1951\u00a0 geboren in Klein St. Paul, K\u00e4rnten<br \/>1974-78 studierte Grafik und Design in Darmstadt (Prof. M\u00fcller-Linow) und Serigraphie in Trier (Prof. Diaz Suarez)<br \/>seit 1975 freischaffend t\u00e4tig, lebt und arbeitet in Klein St. Paul, K\u00e4rnten<br \/>seit 1993 Forschungsreisender im Q<\/p>\n<p><strong>Stipendium<\/strong><br \/>1988 \u00d6sterreichisches Staatsstipendium f\u00fcr bildende Kunst<\/p>\n<p><strong>Preise (Auswahl)<\/strong><\/p>\n<p>1987 F\u00f6rderungspreis f\u00fcr bildende Kunst des Landes K\u00e4rnten<br \/>1990 Wettbewerb Kunst + Bau, Tummelplatzgestaltung Graz, Anerkennungspreis (mit Franz Eitzinger)<br \/>1991 Wettbewerb Karawankenautobahn, Projekt MAMA<br \/>1992 Wettbewerb Landesgericht Klagenfurt, Projekt ACHTUNG<br \/>1999 Wettbewerb LKH Klagenfurt, 1. Preis, Projekt GESUNDHEIT<br \/>Wettbewerb Gro\u00dfglockner Parkhaus, 1. Preis, Projekt HIER STEHE ICH (mit Josef Klingbacher und Wladimir Goltnik)<\/p>\n<p><strong>Personalausstellungen, Aktionen (Auswahl)<\/strong><\/p>\n<p>1981 Universit\u00e4t Graz<br \/>1982 Tafelbild-Gemeinschaft (Aktion)<br \/>Vergrabung Nr. 100282 (Aktion \u2013 Beginn)<br \/>Hohlweggalerie 3363, Klein St. Paul, 57 dokumentierte Installationen von W. Hofmeister (Aktion)<br \/>An alle \u00fcberall (Aktion \u2013 Beginn)<br \/>U-Bahn, M\u00fcnchen, 8513 Shakehands (Aktion)<br \/>1983 Galerie Hildebrand, Klagenfurt<br \/>U-Bahn, London, 8513 Shakehands (Aktion)<br \/>London, EINFACH SO (Aktion)<br \/>1985 Museum moderner Kunst Stiftung Ludwig, Wien, Aktion mit Muttermalen<br \/>1986 Galerie MAERZ, Linz, 1984 begann ich Fr\u00f6sche zu k\u00fcssen<br \/>1987 Venedig, LA SCUOLA GRANDE DI SAN GIOVANNI EVANGELISTA<br \/>1988 Landesgericht Klagenfurt \/ Landesgericht Graz, Beschlagnahmungsprozess zu Messen &amp; Werten (Aktion)<br \/>1990 K\u00f6nigshaus Noreia, Rex (Installation)<br \/>1991 K\u00e4rntner Landesgalerie, Klagenfurt<br \/>1993 K\u00fcnstlerhaus, Bregenz<br \/>Galerie im Taxispalais, Innsbruck<br \/>1994 Dreil\u00e4nderbiennale INTART, Udine \/ Ljubljana \/ Klagenfurt (Plakataktion)<br \/>1995 Werkstatt Graz, Meine Quelle<br \/>2000 Dem Himmel ein Zeichen geben, Stra\u00dfburg, K\u00e4rnten<\/p>\n<p><strong>Ausstellungsbeteiligungen (Auswahl)<\/strong><\/p>\n<p>1981 Wir geh\u00f6ren der Erde, Universit\u00e4t f\u00fcr Bildungswissenschaften, Klagenfurt<br \/>1982 MAIL ART FOR PEACE, Staatstheater, Kleines Haus, Stuttgart<br \/>Internationale Mail-Art-Exhibition, Seoul, Korea<br \/>1984 K\u00e4rntner Kunsttrends, Mestna Galerija, Ljubljana<br \/>1986 le bagne c\u2019est les autres, MAIL-ART INTERNATIONAL, C.A.S.-E.D.F., 22, rue Picot<br \/>1988 Entgrenzte Grenzen, K\u00fcnstlerhaus, Graz<br \/>Bezugspunkte 38\/88, steirischer herbst \u201888, Graz<br \/>1992 Dreil\u00e4nderbiennale INTART, K\u00fcnstlerhaus, Klagenfurt<br \/>1996 Krieg, K\u00e4rntner Landesgalerie, Klagenfurt<br \/>REFERENZEN \/ INTER ESSE, Galerie CULT, Wien<br \/>Diskurs der Systeme, Universit\u00e4t Innsbruck<br \/>1997 1 Herz f\u00fcr Tiere, K\u00e4rntner Landesgalerie, Klagenfurt<br \/>1999 Chile:Austria, Landesgalerie am Ober\u00f6sterreichischen Landesmuseum Francisco Carolinum, Linz \/ K\u00e4rntner Landesgalerie, Klagenfurt \/ Museo de Bellas Artes, Santiago de Chile<br \/>K8, K\u00fcnstlerhaus, Klagenfurt<br \/>Translocation, Kabinett der Streuungen, Galerie Museum Bozen<br \/>2000 Auge:Experiment, K\u00e4rntner Landesgalerie, Klagenfurt<br \/>Ich gegen\u00fcber. Kunst der Begegnung. K\u00e4rnten 2000, Schloss Stra\u00dfburg, K\u00e4rnten<\/p>\n<\/div><\/section><\/div><\/p>\n","protected":false},"excerpt":{"rendered":"","protected":false},"author":1,"featured_media":0,"parent":0,"menu_order":0,"comment_status":"closed","ping_status":"closed","template":"","meta":{"footnotes":""},"class_list":["post-77","page","type-page","status-publish","hentry"],"_links":{"self":[{"href":"https:\/\/www.qnstort.at\/de\/wp-json\/wp\/v2\/pages\/77","targetHints":{"allow":["GET"]}}],"collection":[{"href":"https:\/\/www.qnstort.at\/de\/wp-json\/wp\/v2\/pages"}],"about":[{"href":"https:\/\/www.qnstort.at\/de\/wp-json\/wp\/v2\/types\/page"}],"author":[{"embeddable":true,"href":"https:\/\/www.qnstort.at\/de\/wp-json\/wp\/v2\/users\/1"}],"replies":[{"embeddable":true,"href":"https:\/\/www.qnstort.at\/de\/wp-json\/wp\/v2\/comments?post=77"}],"version-history":[{"count":4,"href":"https:\/\/www.qnstort.at\/de\/wp-json\/wp\/v2\/pages\/77\/revisions"}],"predecessor-version":[{"id":489,"href":"https:\/\/www.qnstort.at\/de\/wp-json\/wp\/v2\/pages\/77\/revisions\/489"}],"wp:attachment":[{"href":"https:\/\/www.qnstort.at\/de\/wp-json\/wp\/v2\/media?parent=77"}],"curies":[{"name":"wp","href":"https:\/\/api.w.org\/{rel}","templated":true}]}}