{"id":81,"date":"2019-08-18T10:19:32","date_gmt":"2019-08-18T08:19:32","guid":{"rendered":"http:\/\/www.qnstort.at\/de\/?page_id=81"},"modified":"2019-11-07T19:24:33","modified_gmt":"2019-11-07T18:24:33","slug":"bibliographie","status":"publish","type":"page","link":"https:\/\/www.qnstort.at\/de\/bibliographie\/","title":{"rendered":"Bibliographie"},"content":{"rendered":"\n<style type=\"text\/css\" data-created_by=\"avia_inline_auto\" id=\"style-css-av-20au9-d48071f6f2549248c5cfaf09fe280382\">\n.flex_column.av-20au9-d48071f6f2549248c5cfaf09fe280382{\nborder-radius:0px 0px 0px 0px;\npadding:0px 0px 0px 0px;\n}\n<\/style>\n<div  class='flex_column av-20au9-d48071f6f2549248c5cfaf09fe280382 av_one_full  avia-builder-el-0  el_before_av_one_full  avia-builder-el-first  first flex_column_div av-zero-column-padding  '     ><section  class='av_textblock_section av-jzgp91dg-5e86cd26d62c60206af8b7add1ff8a29 '   itemscope=\"itemscope\" itemtype=\"https:\/\/schema.org\/CreativeWork\" ><div class='avia_textblock'  itemprop=\"text\" ><h1>B\u00fccher von und \u00fcber Werner Hofmeister<\/h1>\n<\/div><\/section><\/div>\n<style type=\"text\/css\" data-created_by=\"avia_inline_auto\" id=\"style-css-av-1ny8p-4bdc6455f5b0de8102ad0fd3cd71dbdf\">\n.flex_column.av-1ny8p-4bdc6455f5b0de8102ad0fd3cd71dbdf{\nborder-radius:0px 0px 0px 0px;\npadding:0px 0px 0px 0px;\n}\n<\/style>\n<div  class='flex_column av-1ny8p-4bdc6455f5b0de8102ad0fd3cd71dbdf av_one_full  avia-builder-el-2  el_after_av_one_full  avia-builder-el-last  first flex_column_div av-zero-column-padding  column-top-margin'     ><section  class='av_textblock_section av-oaod-bf14c01600aab2e4de7c857b7a8c1f59 '   itemscope=\"itemscope\" itemtype=\"https:\/\/schema.org\/CreativeWork\" ><div class='avia_textblock'  itemprop=\"text\" ><h2>Literatur (Auswahl)<\/h2>\n<p>Arnulf Rohsmann: Werner Hofmeister \u2013 84. In: Werner Hofmeister \u2013 84. Klagenfurt 1984, S. 3-20. (Kat.)<\/p>\n<p>Werner Fenz: Von der Ver\u00e4nderung (nicht nur) des Stra\u00dfenverlaufes. In: Werner Hofmeister \u2013 84. Ritter, Klagenfurt 1984, S. 39 f. (Kat.)<\/p>\n<p>Arnulf Rohsmann: Hohlweggalerie 3363. Klagenfurt 1982. (Folder) Wiederabdruck in: Werner Hofmeister \u2013 84. Ritter, Klagenfurt1984.<\/p>\n<p>Ders.: Hofmeister 1984-1987. Werkgruppe Fr\u00f6sche. In: Hofmeister, Werkgruppe Fr\u00f6sche 84-87. Ritter, Klagenfurt 1987, S. 5-9.<\/p>\n<p>Arnulf Rohsmann: Kunst \/ Computer. Kunstgeschichte als Matrix. In: Entgrenzte Grenzen. Graz 1987, S. 76 f. (Kat.)<\/p>\n<p>Werner Fenz: O. T. In: Bezugspunkte 38\/88. Hg.: steirischer herbst. Graz 1988, S. 149-157. (Kat.)<\/p>\n<p>Arnulf Rohsmann: Werner Hofmeister \u2013 Die Sofortreinigung. In: Heimatkunde St. Veiter Lesebuch 1989. Hg.: Winfried Gindl. St. Veit 1988, S. 82 f.<\/p>\n<p>Arnulf Rohsmann: Werner Hofmeister \u2013 \u201eRex\u201c. Zum Paradoxon des Konservierens. In: 3 Ansichtskarten zu \u201eRex\u201c, einer Rauminstallation von Werner Hofmeister in Noreia. Graz 1990. (Kassette)<\/p>\n<p>Arnulf Rohsmann: \u201eRex\u201c \u2013 Das Museum als Ende der Gegenwart. In: \u201eUnd\u201c \u2013 Ein Buch zur Museumswelt und dar\u00fcber hinaus. Hg.: Steirische Kulturinitiative. Graz 1991, S. 108-118.<\/p>\n<p>Arnulf Rohsmann: Hofmeister: Hofmeister \/ Zur \u00c4sthetik des Selbstverst\u00e4ndlichen. In: Hofmeister 88-91. Die \u00dcberlage oder der Vibrationssturz. Ritter, Klagenfurt 1991, S. 30-36. (Kat.)<\/p>\n<p>Dreil\u00e4nderbiennale INTART. Rettung der Welt. Hg.: Tomas Hoke und Heinz Peter Maya. Klagenfurt 1992, S. 342. (Kat. Kunstverein f\u00fcr K\u00e4rnten, Klagenfurt)<\/p>\n<p>Gabriele Wurzel: Peace to the dogs \/ Friede den Hundeh\u00fctten. In: Dreil\u00e4nderbiennale INTART. Udine 1994. (Kat.)<\/p>\n<p>Werner Fenz: Die Geschichte mit dem O (Heiligengeistplatz). In: Die Br\u00fccke (Klagenfurt), 4\/1994.<\/p>\n<p>Arnulf Rohsmann: Hofmeister \/ HABT ACHT! In: Krieg. Klagenfurt 1996, S. 9. (Kat. K\u00e4rntner Landesgalerie, Klagenfurt)<\/p>\n<p>Thomas Zaunschirm: Werner Hofmeister. In: Werkstadt Graz. Almanach. Graz 1996. (Kat.)<\/p>\n<p>Hubert Matt: Meine Quelle. In: Quelle. Hofmeister. Triton Verl., Wien und Hamburg 1996, S. 21-46.<\/p>\n<p>Arnulf Rohsmann: hofmeister \/ die quelle ist eine quelle. In: Quelle. Hofmeister. Triton Verl., Wien und Hamburg 1996, S.128-133.<\/p>\n<p>Thomas Zaunschirm: Zur Kunstgeschichte der Quelle. In: Quelle. Hofmeister. Triton Verl., Wien und Hamburg 1996, S. 8-20.<\/p>\n<p>Arnulf Rohsmann: hofmeister \/ der ochse vor dem neuen tor. In: 1 Herz f\u00fcr Tiere. Klagenfurt 1997. (Kat. K\u00e4rntner Landesgalerie, Klagenfurt)<\/p>\n<p>Werner Fenz: Ann\u00e4herung an die Identit\u00e4t des Quellensuchers. In: Der Quellensucher. Triton Verl., Wien 1997.<\/p>\n<p>Hubert Matt: Regenschirm, K\u00fcbel und das Hier und Jetzt einer Verteilung &#8230; In: Der Quellensucher. Triton Verl., Wien 1997.<\/p>\n<p>Gabriele Wurzel: Quellennachweis. In: Der Quellensucher. Triton Verl., Wien 1997.<\/p>\n<p>Arnulf Rohsmann: Werner Hofmeister\/Wo ist die Welt zu Ende? In: Chile:Austria. Hg.: Landesgalerie am Ober\u00f6sterreichischen Landesmuseum Francisco Carolinum. Linz 1999, S. 94. (Kat. Landesgalerie am Ober\u00f6sterreichischen Landesmuseum Francisco Carolinum, Linz und K\u00e4rntner Landesgalerie, Klagenfurt)<\/p>\n<p>Christine Grundnig: Werner Hofmeister. In: K8. Klagenfurt 1999. (Kat. Kunstverein f\u00fcr K\u00e4rnten, K\u00fcnstlerhaus, Klagenfurt)<\/p>\n<p>Hubert Matt: Der gro\u00dfe Q. In: Die Br\u00fccke (Klagenfurt), Nr. 2, November 1999, S. 24 ff.<\/p>\n<p>Christine Grundnig: Werner Hofmeister \/ Gesehen in Hofmeisters Garten. Fragen an den Seher. In: Auge:Experiment. Klagenfurt 2000, S. 40. (Kat. K\u00e4rntner Landesgalerie, Klagenfurt)<\/p>\n<p>Christine Grundnig: Werner Hofmeister. In: Ich gegen\u00fcber. Hrsg. Land K\u00e4rnten und Di\u00f6zese Gurk. Klagenfurt 2000, S. 73-75. (Kat. Schloss Stra\u00dfburg im Gurktal\/K\u00e4rnten)<\/p>\n<p>Hubert Matt in: Der gro\u00dfe Q &#8211; Methode und Motiv. Hofmeister alias der Quellensucher alias der Einbuchstabenschreiber. Universit\u00e4tsverl.<\/p>\n<\/div><\/section><\/div><\/p>\n","protected":false},"excerpt":{"rendered":"","protected":false},"author":1,"featured_media":0,"parent":0,"menu_order":0,"comment_status":"closed","ping_status":"closed","template":"","meta":{"footnotes":""},"class_list":["post-81","page","type-page","status-publish","hentry"],"_links":{"self":[{"href":"https:\/\/www.qnstort.at\/de\/wp-json\/wp\/v2\/pages\/81","targetHints":{"allow":["GET"]}}],"collection":[{"href":"https:\/\/www.qnstort.at\/de\/wp-json\/wp\/v2\/pages"}],"about":[{"href":"https:\/\/www.qnstort.at\/de\/wp-json\/wp\/v2\/types\/page"}],"author":[{"embeddable":true,"href":"https:\/\/www.qnstort.at\/de\/wp-json\/wp\/v2\/users\/1"}],"replies":[{"embeddable":true,"href":"https:\/\/www.qnstort.at\/de\/wp-json\/wp\/v2\/comments?post=81"}],"version-history":[{"count":10,"href":"https:\/\/www.qnstort.at\/de\/wp-json\/wp\/v2\/pages\/81\/revisions"}],"predecessor-version":[{"id":985,"href":"https:\/\/www.qnstort.at\/de\/wp-json\/wp\/v2\/pages\/81\/revisions\/985"}],"wp:attachment":[{"href":"https:\/\/www.qnstort.at\/de\/wp-json\/wp\/v2\/media?parent=81"}],"curies":[{"name":"wp","href":"https:\/\/api.w.org\/{rel}","templated":true}]}}